{"id":8112,"date":"2026-03-13T14:24:56","date_gmt":"2026-03-13T12:24:56","guid":{"rendered":"https:\/\/www3.blomqvistplantskola.com\/?post_type=product&#038;p=8112"},"modified":"2026-04-18T22:20:09","modified_gmt":"2026-04-18T20:20:09","slug":"kanadensisk-buskros-rosa-de-montarville","status":"publish","type":"product","link":"https:\/\/www3.blomqvistplantskola.com\/fi\/product\/kanadensisk-buskros-rosa-de-montarville\/","title":{"rendered":"<b>Kanadalainen pensasruusu <\/b><br>Rosa `De Montarville\u00b4"},"content":{"rendered":"<p>Taimi 2 litran ruukussa.<\/p>","protected":false},"excerpt":{"rendered":"<p>L\u00e4hes piikit\u00f6n pensas. Punaiset nuput, jotka aukeavat kauniin vanhahtavan vaaleanpunaisiksi. Kukat ovat puolikerrotut tai t\u00e4ysin kerrotut ja ne kasvavat yksitt\u00e4in tai pienin\u00e4 ryhmin\u00e4. P\u00e4\u00e4kukinta on hein\u00e4kuussa, j\u00e4lkikukintaa my\u00f6hemmin kes\u00e4ll\u00e4. Poista kuihtuneet kukat nopeuttaaksesi uudelleen kukintaa. Kaunis, tiivis, pystykasvuinen pensasruusu Kanadasta, joka kasvaa h\u00e4din tuskin metrin korkuiseksi ja leve\u00e4ksi. Miedosti tuoksuva. Eritt\u00e4in terve lajike. Omajuurinen, mik\u00e4 tarkoittaa sit\u00e4, ett\u00e4 kasvi ei muodosta villiversoja.<\/p>\n<p><strong>Vy\u00f6hyke: <\/strong>FI 1-4. SE 1-5.<br \/>\n<strong>Korkeus:<\/strong> 0,8 &#8211; 1,3 m<\/p>","protected":false},"featured_media":8282,"template":"","meta":[],"product_brand":[],"product_cat":[255],"product_tag":[],"class_list":{"0":"post-8112","1":"product","2":"type-product","3":"status-publish","4":"has-post-thumbnail","6":"product_cat-rosor","7":"product_shipping_class-postpaket","9":"first","10":"instock","11":"taxable","12":"shipping-taxable","13":"purchasable","14":"product-type-simple"},"_links":{"self":[{"href":"https:\/\/www3.blomqvistplantskola.com\/fi\/wp-json\/wp\/v2\/product\/8112","targetHints":{"allow":["GET"]}}],"collection":[{"href":"https:\/\/www3.blomqvistplantskola.com\/fi\/wp-json\/wp\/v2\/product"}],"about":[{"href":"https:\/\/www3.blomqvistplantskola.com\/fi\/wp-json\/wp\/v2\/types\/product"}],"wp:featuredmedia":[{"embeddable":true,"href":"https:\/\/www3.blomqvistplantskola.com\/fi\/wp-json\/wp\/v2\/media\/8282"}],"wp:attachment":[{"href":"https:\/\/www3.blomqvistplantskola.com\/fi\/wp-json\/wp\/v2\/media?parent=8112"}],"wp:term":[{"taxonomy":"product_brand","embeddable":true,"href":"https:\/\/www3.blomqvistplantskola.com\/fi\/wp-json\/wp\/v2\/product_brand?post=8112"},{"taxonomy":"product_cat","embeddable":true,"href":"https:\/\/www3.blomqvistplantskola.com\/fi\/wp-json\/wp\/v2\/product_cat?post=8112"},{"taxonomy":"product_tag","embeddable":true,"href":"https:\/\/www3.blomqvistplantskola.com\/fi\/wp-json\/wp\/v2\/product_tag?post=8112"}],"curies":[{"name":"wp","href":"https:\/\/api.w.org\/{rel}","templated":true}]}}