{"id":8114,"date":"2026-03-13T14:23:55","date_gmt":"2026-03-13T12:23:55","guid":{"rendered":"https:\/\/www3.blomqvistplantskola.com\/?post_type=product&#038;p=8114"},"modified":"2026-03-13T14:23:55","modified_gmt":"2026-03-13T12:23:55","slug":"smallspireaphysocarpus-opifolius-darts-gold","status":"publish","type":"product","link":"https:\/\/www3.blomqvistplantskola.com\/fi\/product\/smallspireaphysocarpus-opifolius-darts-gold\/","title":{"rendered":"<b>Heisiangervo<\/b><br>Physocarpus opifolius `Dart\u00b4s Gold\u00b4"},"content":{"rendered":"<p>Suuri haaroittunut taimi 2 litran ruukussa.<\/p>","protected":false},"excerpt":{"rendered":"<p>Helppohoitoinen, kest\u00e4v\u00e4 pensas, jota voidaan k\u00e4ytt\u00e4\u00e4 kontrastikasvina tummalehtisten kasvien rinnalla. Kev\u00e4\u00e4ll\u00e4 istutuksia valaiseva kullankeltainen v\u00e4ri vaihtuu kes\u00e4n mittaan vihre\u00e4nkeltaiseksi. Varjoisilla paikoilla v\u00e4ri kuitenkin j\u00e4\u00e4 enemm\u00e4n vaaleanvihre\u00e4ksi. Kes\u00e4kuussa valkoiset kukat vet\u00e4v\u00e4t puoleensa p\u00f6lytt\u00e4ji\u00e4. Kukinnot ovat s\u00e4vylt\u00e4\u00e4n ensin vihreit\u00e4, sitten punaisia. Meripihkanv\u00e4rinen syysv\u00e4ri. Kaunis vapaastikasvavana, mutta voidaan muotoleikata ja k\u00e4ytt\u00e4\u00e4 jopa aitakasvina.<\/p>\n<p><strong>Vy\u00f6hyke: <\/strong>FI 1-4. SE 1-5.<br \/>\n<strong>Korkeus:<\/strong> 1,5 m<\/p>\n<p>&nbsp;<\/p>\n<p><span style=\"font-family: Arial, serif;\"><span style=\"font-size: medium;\">\u00a0<\/span><\/span><\/p>","protected":false},"featured_media":0,"template":"","meta":[],"product_brand":[],"product_cat":[253],"product_tag":[],"class_list":{"0":"post-8114","1":"product","2":"type-product","3":"status-publish","5":"product_cat-prydnadsbuskar","6":"product_shipping_class-postpaket","8":"first","9":"instock","10":"taxable","11":"shipping-taxable","12":"purchasable","13":"product-type-simple"},"_links":{"self":[{"href":"https:\/\/www3.blomqvistplantskola.com\/fi\/wp-json\/wp\/v2\/product\/8114","targetHints":{"allow":["GET"]}}],"collection":[{"href":"https:\/\/www3.blomqvistplantskola.com\/fi\/wp-json\/wp\/v2\/product"}],"about":[{"href":"https:\/\/www3.blomqvistplantskola.com\/fi\/wp-json\/wp\/v2\/types\/product"}],"wp:attachment":[{"href":"https:\/\/www3.blomqvistplantskola.com\/fi\/wp-json\/wp\/v2\/media?parent=8114"}],"wp:term":[{"taxonomy":"product_brand","embeddable":true,"href":"https:\/\/www3.blomqvistplantskola.com\/fi\/wp-json\/wp\/v2\/product_brand?post=8114"},{"taxonomy":"product_cat","embeddable":true,"href":"https:\/\/www3.blomqvistplantskola.com\/fi\/wp-json\/wp\/v2\/product_cat?post=8114"},{"taxonomy":"product_tag","embeddable":true,"href":"https:\/\/www3.blomqvistplantskola.com\/fi\/wp-json\/wp\/v2\/product_tag?post=8114"}],"curies":[{"name":"wp","href":"https:\/\/api.w.org\/{rel}","templated":true}]}}