{"id":8255,"date":"2026-03-13T12:13:24","date_gmt":"2026-03-13T10:13:24","guid":{"rendered":"https:\/\/www3.blomqvistplantskola.com\/?post_type=product&#038;p=8255"},"modified":"2026-04-23T14:24:52","modified_gmt":"2026-04-23T12:24:52","slug":"blabarstrypaket-honungsbarlonicera-c-aurora-vostorg-honeybee","status":"publish","type":"product","link":"https:\/\/www3.blomqvistplantskola.com\/fi\/product\/blabarstrypaket-honungsbarlonicera-c-aurora-vostorg-honeybee\/","title":{"rendered":"<b>MARJASINIKUUSAMAPAKETTI - Hunajamarja<\/b><br>Lonicera c. Aurora, Vostorg, Honeybee<br>"},"content":{"rendered":"<p><strong>Vostorg.<\/strong> T\u00e4ysin uusi Ven\u00e4l\u00e4inen lajike vuodelta 2012. Paljon suuria marjoja (jopa 5cm), jotka kypsyv\u00e4t hein\u00e4kuun alussa. Maku on tasapainoisen makea. Aavistus happamuutta ja korkea sokeripitoisuus. Marjat s\u00e4ilyv\u00e4t hyvin, koska kuori on v\u00e4h\u00e4n paksumpi ja poimittaessa marjan kanta j\u00e4\u00e4 kiinni marjaan. Herkkumarja joka sopii my\u00f6s hyvin pakastukseen. Ei itse p\u00f6lyttyv\u00e4, istutetaan yhdess\u00e4 toisen lajikkeen kanssa sadon saamiseksi.<\/p>\n<p><strong>Aurora. <\/strong>Uusin kanadalaisista lajikkeista, vuodelta 2012. Pensas on korkeakasvuinen, mutta kapeahko. Marjat ovat suuria ja helposti poimittavia. Ne ovat eritt\u00e4in hyv\u00e4nmakuisia ja makeita, lis\u00e4ksi niiss\u00e4 on aavistuksen verran hapokkuutta. Sato kypsyy kes\u00e4kuun lopussa tai hein\u00e4kuun alussa, marjat eiv\u00e4t putoile helposti pensaista. Eritt\u00e4in runsassatoinen, jopa 5 kg\/pensas. Hyv\u00e4 p\u00f6lytt\u00e4j\u00e4lajike sek\u00e4 my\u00f6h\u00e4isemmille, ett\u00e4 aikaisemmille lajikkeille.<\/p>\n<p><strong> Honeybee. <\/strong>Kanadalainen lajike, jolla on sylinterin muotoiset, makeanhappamat, mehukkaat ja herkulliset marjat. Eiv\u00e4t putoa pensaasta, vaan pysyv\u00e4t kiinni kunnes kuivuvat. Satoisa, 4-5 kg\/pensas. Kypsyy kes\u00e4kuun puoliv\u00e4liss\u00e4. Hyvin pidetty makutesteiss\u00e4. Ei itsep\u00f6lyttyv\u00e4, istutetaan toisen lajikkeen kanssa sadon saamiseksi.<\/p>\n<p>Kaikki valikoimamme lajikkeet ovat eritt\u00e4in kest\u00e4vi\u00e4 ja selvi\u00e4v\u00e4t vy\u00f6hykkeill\u00e4 FI 1-6 (Ruotsi 1-7).<br \/>\nSuuntaa-antava kuva monen lajikkeen paketista.<\/p>","protected":false},"excerpt":{"rendered":"<p><span style=\"font-family: Arial, serif;\"><span style=\"font-size: medium;\">Uusia makeita lajikkeita vailla kitker\u00e4\u00e4 j\u00e4lkimakua, soveltuvat yhdess\u00e4 istutettavaksi.<br \/>\n3 lajiketta, aikaisin-keskiaikaisin kypsyvi\u00e4<br \/>\n3-vuotiaita taimia 2 litran ruukussa.<br \/>\n<strong>1 kpl `Aurora\u00b4<\/strong><br \/>\n<strong>1 kpl `Vostorg\u00b4<\/strong><br \/>\n<strong>1 kpl `Honeybee<\/strong>\u00b4<\/span><\/span><\/p>","protected":false},"featured_media":4812,"template":"","meta":[],"product_brand":[],"product_cat":[248,312],"product_tag":[],"class_list":{"0":"post-8255","1":"product","2":"type-product","3":"status-publish","4":"has-post-thumbnail","6":"product_cat-barvaxter","7":"product_cat-paketerbjudanden","8":"product_shipping_class-postpaket","10":"first","11":"outofstock","12":"sale","13":"taxable","14":"shipping-taxable","15":"purchasable","16":"product-type-simple"},"_links":{"self":[{"href":"https:\/\/www3.blomqvistplantskola.com\/fi\/wp-json\/wp\/v2\/product\/8255","targetHints":{"allow":["GET"]}}],"collection":[{"href":"https:\/\/www3.blomqvistplantskola.com\/fi\/wp-json\/wp\/v2\/product"}],"about":[{"href":"https:\/\/www3.blomqvistplantskola.com\/fi\/wp-json\/wp\/v2\/types\/product"}],"wp:featuredmedia":[{"embeddable":true,"href":"https:\/\/www3.blomqvistplantskola.com\/fi\/wp-json\/wp\/v2\/media\/4812"}],"wp:attachment":[{"href":"https:\/\/www3.blomqvistplantskola.com\/fi\/wp-json\/wp\/v2\/media?parent=8255"}],"wp:term":[{"taxonomy":"product_brand","embeddable":true,"href":"https:\/\/www3.blomqvistplantskola.com\/fi\/wp-json\/wp\/v2\/product_brand?post=8255"},{"taxonomy":"product_cat","embeddable":true,"href":"https:\/\/www3.blomqvistplantskola.com\/fi\/wp-json\/wp\/v2\/product_cat?post=8255"},{"taxonomy":"product_tag","embeddable":true,"href":"https:\/\/www3.blomqvistplantskola.com\/fi\/wp-json\/wp\/v2\/product_tag?post=8255"}],"curies":[{"name":"wp","href":"https:\/\/api.w.org\/{rel}","templated":true}]}}