{"id":8272,"date":"2024-09-06T06:58:59","date_gmt":"2024-09-06T04:58:59","guid":{"rendered":"https:\/\/www3.blomqvistplantskola.com\/?post_type=product&#038;p=8272"},"modified":"2026-04-22T13:26:56","modified_gmt":"2026-04-22T11:26:56","slug":"akerbarshallon-3-st-rubus-idaeus-heisa","status":"publish","type":"product","link":"https:\/\/www3.blomqvistplantskola.com\/fi\/product\/akerbarshallon-3-st-rubus-idaeus-heisa\/","title":{"rendered":"<b>MESIVADELMA<\/b><br>Rubus idaeus `Heisa\u00b4"},"content":{"rendered":"<p>Taimi 9 cm:n ruukussa<\/p>","protected":false},"excerpt":{"rendered":"<p>Suomalainen vadelman ja mesimarjan risteytys. Lopputuloksena mielenkiintoinen vadelma, joka antaa suhteellisen suuren sadon. Mesimarjan omalaatuinen aromi on tunnistettavissa t\u00e4ysin kypsyneess\u00e4 marjassa. Marjat, jotka ovat pienempi\u00e4, kuin viljellyiss\u00e4 puutarhavadelmissa, kypsyv\u00e4t aikaisin ja satokausi on noin 2 viikkoa. Soveltuu sek\u00e4 herkulliseksi sy\u00f6ntimarjaksi ett\u00e4 pakastettavaksi. Harvinaisuus, joka sopii hienosti t\u00e4ydennykseksi hy\u00f6typuutarhaan. Taimiv\u00e4li 50 cm.<\/p>\n<p><strong>Vy\u00f6hyke: <\/strong>FI 1-5. SE 1-6.<br \/>\n<strong>Korkeus:<\/strong> 1-1,5 m<\/p>","protected":false},"featured_media":8281,"template":"","meta":[],"product_brand":[],"product_cat":[248],"product_tag":[],"class_list":{"0":"post-8272","1":"product","2":"type-product","3":"status-publish","4":"has-post-thumbnail","6":"product_cat-barvaxter","7":"product_shipping_class-postpaket","9":"first","10":"instock","11":"taxable","12":"shipping-taxable","13":"purchasable","14":"product-type-simple"},"_links":{"self":[{"href":"https:\/\/www3.blomqvistplantskola.com\/fi\/wp-json\/wp\/v2\/product\/8272","targetHints":{"allow":["GET"]}}],"collection":[{"href":"https:\/\/www3.blomqvistplantskola.com\/fi\/wp-json\/wp\/v2\/product"}],"about":[{"href":"https:\/\/www3.blomqvistplantskola.com\/fi\/wp-json\/wp\/v2\/types\/product"}],"wp:featuredmedia":[{"embeddable":true,"href":"https:\/\/www3.blomqvistplantskola.com\/fi\/wp-json\/wp\/v2\/media\/8281"}],"wp:attachment":[{"href":"https:\/\/www3.blomqvistplantskola.com\/fi\/wp-json\/wp\/v2\/media?parent=8272"}],"wp:term":[{"taxonomy":"product_brand","embeddable":true,"href":"https:\/\/www3.blomqvistplantskola.com\/fi\/wp-json\/wp\/v2\/product_brand?post=8272"},{"taxonomy":"product_cat","embeddable":true,"href":"https:\/\/www3.blomqvistplantskola.com\/fi\/wp-json\/wp\/v2\/product_cat?post=8272"},{"taxonomy":"product_tag","embeddable":true,"href":"https:\/\/www3.blomqvistplantskola.com\/fi\/wp-json\/wp\/v2\/product_tag?post=8272"}],"curies":[{"name":"wp","href":"https:\/\/api.w.org\/{rel}","templated":true}]}}