{"id":8308,"date":"2024-09-06T11:00:24","date_gmt":"2024-09-06T09:00:24","guid":{"rendered":"https:\/\/www3.blomqvistplantskola.com\/?post_type=product&#038;p=8308"},"modified":"2025-09-23T07:24:00","modified_gmt":"2025-09-23T05:24:00","slug":"kiwi-minikiwiactinidia-kolomikta-oscar","status":"publish","type":"product","link":"https:\/\/www3.blomqvistplantskola.com\/fi\/product\/kiwi-minikiwiactinidia-kolomikta-oscar\/","title":{"rendered":"<b>Kiivi (minikiivi)<\/b><br>Actinidia kolomikta `Oscar\u00b4"},"content":{"rendered":"<p>Taimi 2 litran ruukussa.<\/p>","protected":false},"excerpt":{"rendered":"<p><span style=\"font-family: Arial, serif;\"><span style=\"font-size: medium;\">Pollinerare, hanplanta som ej ger frukt, exotisk slingerv\u00e4xt som b\u00f6r samplanteras med honplanta t.ex. Anna eller Vitakola som ger sk\u00f6rd. Bladen kan skifta i vit-rosa under sensommaren p\u00e5 \u00e4ldre plantor och anv\u00e4nds \u00e4ven som dekorativ kl\u00e4tterv\u00e4xt. Blommar med doftande vita blom i juni. V\u00e4xer kraftigt under en sommar, flera meter som etablerad. En hanplanta kan pollinera flera honplantor.<br \/>\n<\/span><\/span><\/p>\n<p><strong>Vy\u00f6hyke: <\/strong>FI 1-4. SE 1-5\/6.<br \/>\n<strong>Korkeus:<\/strong> 3 &#8211; 5 m<\/p>\n<p>&nbsp;<\/p>\n<p><span style=\"font-family: Arial, serif;\"><span style=\"font-size: medium;\">\u00a0<\/span><\/span><\/p>","protected":false},"featured_media":0,"template":"","meta":[],"product_brand":[],"product_cat":[248],"product_tag":[],"class_list":{"0":"post-8308","1":"product","2":"type-product","3":"status-publish","5":"product_cat-barvaxter","6":"product_shipping_class-postpaket","8":"first","9":"outofstock","10":"taxable","11":"shipping-taxable","12":"purchasable","13":"product-type-simple"},"_links":{"self":[{"href":"https:\/\/www3.blomqvistplantskola.com\/fi\/wp-json\/wp\/v2\/product\/8308","targetHints":{"allow":["GET"]}}],"collection":[{"href":"https:\/\/www3.blomqvistplantskola.com\/fi\/wp-json\/wp\/v2\/product"}],"about":[{"href":"https:\/\/www3.blomqvistplantskola.com\/fi\/wp-json\/wp\/v2\/types\/product"}],"wp:attachment":[{"href":"https:\/\/www3.blomqvistplantskola.com\/fi\/wp-json\/wp\/v2\/media?parent=8308"}],"wp:term":[{"taxonomy":"product_brand","embeddable":true,"href":"https:\/\/www3.blomqvistplantskola.com\/fi\/wp-json\/wp\/v2\/product_brand?post=8308"},{"taxonomy":"product_cat","embeddable":true,"href":"https:\/\/www3.blomqvistplantskola.com\/fi\/wp-json\/wp\/v2\/product_cat?post=8308"},{"taxonomy":"product_tag","embeddable":true,"href":"https:\/\/www3.blomqvistplantskola.com\/fi\/wp-json\/wp\/v2\/product_tag?post=8308"}],"curies":[{"name":"wp","href":"https:\/\/api.w.org\/{rel}","templated":true}]}}