{"id":8325,"date":"2024-09-06T13:05:10","date_gmt":"2024-09-06T11:05:10","guid":{"rendered":"https:\/\/www3.blomqvistplantskola.com\/?post_type=product&#038;p=8325"},"modified":"2026-04-14T15:10:21","modified_gmt":"2026-04-14T13:10:21","slug":"tradgardshallon-3-st-rubus-idaeus-ottawa","status":"publish","type":"product","link":"https:\/\/www3.blomqvistplantskola.com\/fi\/product\/tradgardshallon-3-st-rubus-idaeus-ottawa\/","title":{"rendered":"<b>PUUTARHAVADELMA, 2 KPL <\/b><br>Rubus idaeus `Ottawa\u00b4"},"content":{"rendered":"<p>2 st ungplantor i 9 cm:s kruka.<\/p>","protected":false},"excerpt":{"rendered":"<p>Yksi viljellyimmist\u00e4 vadelmalajikkeista Suomessa. Kotoisin Kanadasta. Marjat ovat kirkkaanpunaisia, melko suuria, pitk\u00e4nmallisia ja ne irtoavat helposti kannasta.. ;aku on makeanhapan ja mieto. Tekee v\u00e4hemm\u00e4n uusia versoja kuin Muskoka. Runsasmarjainen ja vastustuskykyinen versotautia vastaan. Sopii sek\u00e4 tuorek\u00e4ytt\u00f6\u00f6n ett\u00e4 pakastemarjaksi. Taimiv\u00e4li 50 cm.<\/p>\n<p><strong>Vy\u00f6hyke: <\/strong>FI 1-5. SE 1-6.<br \/>\n<strong>Korkeus:<\/strong> 2-2,5 m<\/p>","protected":false},"featured_media":3933,"template":"","meta":[],"product_brand":[],"product_cat":[248,312],"product_tag":[],"class_list":{"0":"post-8325","1":"product","2":"type-product","3":"status-publish","4":"has-post-thumbnail","6":"product_cat-barvaxter","7":"product_cat-paketerbjudanden","8":"product_shipping_class-postpaket","10":"first","11":"instock","12":"taxable","13":"shipping-taxable","14":"purchasable","15":"product-type-simple"},"_links":{"self":[{"href":"https:\/\/www3.blomqvistplantskola.com\/fi\/wp-json\/wp\/v2\/product\/8325","targetHints":{"allow":["GET"]}}],"collection":[{"href":"https:\/\/www3.blomqvistplantskola.com\/fi\/wp-json\/wp\/v2\/product"}],"about":[{"href":"https:\/\/www3.blomqvistplantskola.com\/fi\/wp-json\/wp\/v2\/types\/product"}],"wp:featuredmedia":[{"embeddable":true,"href":"https:\/\/www3.blomqvistplantskola.com\/fi\/wp-json\/wp\/v2\/media\/3933"}],"wp:attachment":[{"href":"https:\/\/www3.blomqvistplantskola.com\/fi\/wp-json\/wp\/v2\/media?parent=8325"}],"wp:term":[{"taxonomy":"product_brand","embeddable":true,"href":"https:\/\/www3.blomqvistplantskola.com\/fi\/wp-json\/wp\/v2\/product_brand?post=8325"},{"taxonomy":"product_cat","embeddable":true,"href":"https:\/\/www3.blomqvistplantskola.com\/fi\/wp-json\/wp\/v2\/product_cat?post=8325"},{"taxonomy":"product_tag","embeddable":true,"href":"https:\/\/www3.blomqvistplantskola.com\/fi\/wp-json\/wp\/v2\/product_tag?post=8325"}],"curies":[{"name":"wp","href":"https:\/\/api.w.org\/{rel}","templated":true}]}}