{"id":8328,"date":"2026-03-13T14:10:16","date_gmt":"2026-03-13T12:10:16","guid":{"rendered":"https:\/\/www3.blomqvistplantskola.com\/?post_type=product&#038;p=8328"},"modified":"2026-04-24T10:43:23","modified_gmt":"2026-04-24T08:43:23","slug":"grona-vinbar-ribes-rubrum-venny-2","status":"publish","type":"product","link":"https:\/\/www3.blomqvistplantskola.com\/fi\/product\/grona-vinbar-ribes-rubrum-venny-2\/","title":{"rendered":"<b>Viherherukka c2 <\/b><br>Ribes rubrum `Venny\u00b4"},"content":{"rendered":"<p>Taimi 2 litran ruukussa.<\/p>","protected":false},"excerpt":{"rendered":"<p>Vihre\u00e4 mustaherukka, joka on risteytetty tunnetun Vertti (viherherukka) lajikkeen kanssa. Herukalla on mieto makeanhapan maku ja korkea C-vitamiinipitoisuus (l\u00e4hes yht\u00e4 korkea, kuin tyrnill\u00e4).Pysty kasvutapa. Terve ja pidetty lajike. Sisaruslajike Wilmalle. Lasten suosikki, ja hyv\u00e4 valinta heille, jotka eiv\u00e4t pid\u00e4 tavallisten viinimarjojen hapokkuudesta.<\/p>\n<p><strong>Vy\u00f6hyke: <\/strong>FI 1-4\/5. SE 1-5.<br \/>\n<strong>Korkeus: <\/strong>1,5 m<\/p>","protected":false},"featured_media":7162,"template":"","meta":[],"product_brand":[],"product_cat":[248],"product_tag":[],"class_list":{"0":"post-8328","1":"product","2":"type-product","3":"status-publish","4":"has-post-thumbnail","6":"product_cat-barvaxter","7":"product_shipping_class-postpaket","9":"first","10":"instock","11":"taxable","12":"shipping-taxable","13":"purchasable","14":"product-type-simple"},"_links":{"self":[{"href":"https:\/\/www3.blomqvistplantskola.com\/fi\/wp-json\/wp\/v2\/product\/8328","targetHints":{"allow":["GET"]}}],"collection":[{"href":"https:\/\/www3.blomqvistplantskola.com\/fi\/wp-json\/wp\/v2\/product"}],"about":[{"href":"https:\/\/www3.blomqvistplantskola.com\/fi\/wp-json\/wp\/v2\/types\/product"}],"wp:featuredmedia":[{"embeddable":true,"href":"https:\/\/www3.blomqvistplantskola.com\/fi\/wp-json\/wp\/v2\/media\/7162"}],"wp:attachment":[{"href":"https:\/\/www3.blomqvistplantskola.com\/fi\/wp-json\/wp\/v2\/media?parent=8328"}],"wp:term":[{"taxonomy":"product_brand","embeddable":true,"href":"https:\/\/www3.blomqvistplantskola.com\/fi\/wp-json\/wp\/v2\/product_brand?post=8328"},{"taxonomy":"product_cat","embeddable":true,"href":"https:\/\/www3.blomqvistplantskola.com\/fi\/wp-json\/wp\/v2\/product_cat?post=8328"},{"taxonomy":"product_tag","embeddable":true,"href":"https:\/\/www3.blomqvistplantskola.com\/fi\/wp-json\/wp\/v2\/product_tag?post=8328"}],"curies":[{"name":"wp","href":"https:\/\/api.w.org\/{rel}","templated":true}]}}