{"id":8424,"date":"2026-03-13T14:24:56","date_gmt":"2026-03-13T12:24:56","guid":{"rendered":"https:\/\/www3.blomqvistplantskola.com\/?post_type=product&#038;p=8424"},"modified":"2026-04-25T13:00:40","modified_gmt":"2026-04-25T11:00:40","slug":"buskros-rosa-louise-bugnet","status":"publish","type":"product","link":"https:\/\/www3.blomqvistplantskola.com\/fi\/product\/buskros-rosa-louise-bugnet\/","title":{"rendered":"<b>Pensasruusu <\/b><br>Rosa `Louise Bugnet\u00b4"},"content":{"rendered":"<p>Taimi 2 litran ruukussa.<\/p>","protected":false},"excerpt":{"rendered":"<p>Kanadalainen pensasruusu, jolla ep\u00e4tavallinen kukka. Nupullaan l\u00e4hes kirkkaanpunainen, avautuessaan muuttuu valkoiseksi, jossa viininpunaisia l\u00e4iski\u00e4. Tuoksuva, eritt\u00e4in terve lajike. Voidaan hyvin k\u00e4ytt\u00e4\u00e4 jopa aitaistutuksiin. Kukkii runsaasti hein\u00e4kuun alusta 3-4 viikkoa eteenp\u00e4in. Aloittaa uudestaan v\u00e4h\u00e4n vaatimattomamman kukinnan my\u00f6hemmin syksyll\u00e4. Kukkii uusilla ja puutuneilla versoilla. Kest\u00e4v\u00e4, kysytty lajike. Ruotsissa vuoden ruusu 2020. Yksi taimiston suosikeista! Omajuurinen.<\/p>\n<p><strong>Vy\u00f6hyke: <\/strong>FI 1-. SE 1-6(7).<br \/>\n<strong>Korkeus:<\/strong> 1,5 m<\/p>","protected":false},"featured_media":8431,"template":"","meta":[],"product_brand":[],"product_cat":[255],"product_tag":[],"class_list":{"0":"post-8424","1":"product","2":"type-product","3":"status-publish","4":"has-post-thumbnail","6":"product_cat-rosor","7":"product_shipping_class-postpaket","9":"first","10":"instock","11":"taxable","12":"shipping-taxable","13":"purchasable","14":"product-type-simple"},"_links":{"self":[{"href":"https:\/\/www3.blomqvistplantskola.com\/fi\/wp-json\/wp\/v2\/product\/8424","targetHints":{"allow":["GET"]}}],"collection":[{"href":"https:\/\/www3.blomqvistplantskola.com\/fi\/wp-json\/wp\/v2\/product"}],"about":[{"href":"https:\/\/www3.blomqvistplantskola.com\/fi\/wp-json\/wp\/v2\/types\/product"}],"wp:featuredmedia":[{"embeddable":true,"href":"https:\/\/www3.blomqvistplantskola.com\/fi\/wp-json\/wp\/v2\/media\/8431"}],"wp:attachment":[{"href":"https:\/\/www3.blomqvistplantskola.com\/fi\/wp-json\/wp\/v2\/media?parent=8424"}],"wp:term":[{"taxonomy":"product_brand","embeddable":true,"href":"https:\/\/www3.blomqvistplantskola.com\/fi\/wp-json\/wp\/v2\/product_brand?post=8424"},{"taxonomy":"product_cat","embeddable":true,"href":"https:\/\/www3.blomqvistplantskola.com\/fi\/wp-json\/wp\/v2\/product_cat?post=8424"},{"taxonomy":"product_tag","embeddable":true,"href":"https:\/\/www3.blomqvistplantskola.com\/fi\/wp-json\/wp\/v2\/product_tag?post=8424"}],"curies":[{"name":"wp","href":"https:\/\/api.w.org\/{rel}","templated":true}]}}