{"id":8434,"date":"2026-03-13T14:10:15","date_gmt":"2026-03-13T12:10:15","guid":{"rendered":"https:\/\/www3.blomqvistplantskola.com\/?post_type=product&#038;p=8434"},"modified":"2026-04-24T20:15:39","modified_gmt":"2026-04-24T18:15:39","slug":"hallon-gul-rubus-idaeus-golden-queen","status":"publish","type":"product","link":"https:\/\/www3.blomqvistplantskola.com\/fi\/product\/hallon-gul-rubus-idaeus-golden-queen\/","title":{"rendered":"<b>Vadelma, keltainen <\/b><br>Rubus idaeus `Golden Queen\u00b4"},"content":{"rendered":"<p>Taimi 3 litran ruukussa.<\/p>","protected":false},"excerpt":{"rendered":"<p>Keltainen vadelma on maultaan mieto ja makea. Mutta marjan koko on hiukan pienempi kuin viljellyn punaisen vadelman. Herkullinen sek\u00e4 tuoremarjana ett\u00e4 survoksena.<br \/>\nYksi kest\u00e4v\u00e4mmist\u00e4 keltaisista vadelmalajikkeista.<\/p>\n<p><strong>Vy\u00f6hyke: <\/strong>FI 1-4. SE 1-5.<br \/>\n<strong>Korkeus:<\/strong> 1,5-2,5 m<\/p>","protected":false},"featured_media":8435,"template":"","meta":[],"product_brand":[],"product_cat":[248],"product_tag":[],"class_list":{"0":"post-8434","1":"product","2":"type-product","3":"status-publish","4":"has-post-thumbnail","6":"product_cat-barvaxter","7":"product_shipping_class-postpaket","9":"first","10":"instock","11":"taxable","12":"shipping-taxable","13":"purchasable","14":"product-type-simple"},"_links":{"self":[{"href":"https:\/\/www3.blomqvistplantskola.com\/fi\/wp-json\/wp\/v2\/product\/8434","targetHints":{"allow":["GET"]}}],"collection":[{"href":"https:\/\/www3.blomqvistplantskola.com\/fi\/wp-json\/wp\/v2\/product"}],"about":[{"href":"https:\/\/www3.blomqvistplantskola.com\/fi\/wp-json\/wp\/v2\/types\/product"}],"wp:featuredmedia":[{"embeddable":true,"href":"https:\/\/www3.blomqvistplantskola.com\/fi\/wp-json\/wp\/v2\/media\/8435"}],"wp:attachment":[{"href":"https:\/\/www3.blomqvistplantskola.com\/fi\/wp-json\/wp\/v2\/media?parent=8434"}],"wp:term":[{"taxonomy":"product_brand","embeddable":true,"href":"https:\/\/www3.blomqvistplantskola.com\/fi\/wp-json\/wp\/v2\/product_brand?post=8434"},{"taxonomy":"product_cat","embeddable":true,"href":"https:\/\/www3.blomqvistplantskola.com\/fi\/wp-json\/wp\/v2\/product_cat?post=8434"},{"taxonomy":"product_tag","embeddable":true,"href":"https:\/\/www3.blomqvistplantskola.com\/fi\/wp-json\/wp\/v2\/product_tag?post=8434"}],"curies":[{"name":"wp","href":"https:\/\/api.w.org\/{rel}","templated":true}]}}