{"id":8436,"date":"2026-03-13T14:23:55","date_gmt":"2026-03-13T12:23:55","guid":{"rendered":"https:\/\/www3.blomqvistplantskola.com\/?post_type=product&#038;p=8436"},"modified":"2026-04-22T16:02:10","modified_gmt":"2026-04-22T14:02:10","slug":"pelarhaggmispel-barhaggmispelamelanchier-alnifolia-obelisk","status":"publish","type":"product","link":"https:\/\/www3.blomqvistplantskola.com\/fi\/product\/pelarhaggmispel-barhaggmispelamelanchier-alnifolia-obelisk\/","title":{"rendered":"<b>Pilarituomipihlaja \/ Marjatuomipihlaja<\/b><br>Amelanchier alnifolia `Obelisk\u00b4"},"content":{"rendered":"<p>Taimi 2 litran ruukussa, 50+ cm<\/p>","protected":false},"excerpt":{"rendered":"<p>Pieni pensas, runsas aikainen kukinta. Mustat, pienet, sy\u00f6t\u00e4v\u00e4t marjat. Keltainen syysv\u00e4ri. Kapea kasvutapa ilman leikkausta, tulee ajan mittaan n. 1-1,5m leve\u00e4ksi. Pieni rungollinen puu \/ pensas, jota voitaisiin yleisesti k\u00e4ytt\u00e4\u00e4 enemm\u00e4n runsaan aikaisen kukinnan ja koristeellisen kapean kasvutapansa vuoksi. Taimistolla varsin tyk\u00e4tty.<\/p>\n<p><strong>Vy\u00f6hyke: <\/strong>FI 1-5\/6. SE 1-6\/7.<br \/>\n<strong>Korkeus:<\/strong> 3-4 m<\/p>\n<p>&nbsp;<\/p>\n<p><span style=\"font-family: Arial, serif;\"><span style=\"font-size: medium;\">\u00a0<\/span><\/span><\/p>","protected":false},"featured_media":0,"template":"","meta":[],"product_brand":[],"product_cat":[253],"product_tag":[],"class_list":{"0":"post-8436","1":"product","2":"type-product","3":"status-publish","5":"product_cat-prydnadsbuskar","6":"product_shipping_class-postpaket","8":"first","9":"outofstock","10":"taxable","11":"shipping-taxable","12":"purchasable","13":"product-type-simple"},"_links":{"self":[{"href":"https:\/\/www3.blomqvistplantskola.com\/fi\/wp-json\/wp\/v2\/product\/8436","targetHints":{"allow":["GET"]}}],"collection":[{"href":"https:\/\/www3.blomqvistplantskola.com\/fi\/wp-json\/wp\/v2\/product"}],"about":[{"href":"https:\/\/www3.blomqvistplantskola.com\/fi\/wp-json\/wp\/v2\/types\/product"}],"wp:attachment":[{"href":"https:\/\/www3.blomqvistplantskola.com\/fi\/wp-json\/wp\/v2\/media?parent=8436"}],"wp:term":[{"taxonomy":"product_brand","embeddable":true,"href":"https:\/\/www3.blomqvistplantskola.com\/fi\/wp-json\/wp\/v2\/product_brand?post=8436"},{"taxonomy":"product_cat","embeddable":true,"href":"https:\/\/www3.blomqvistplantskola.com\/fi\/wp-json\/wp\/v2\/product_cat?post=8436"},{"taxonomy":"product_tag","embeddable":true,"href":"https:\/\/www3.blomqvistplantskola.com\/fi\/wp-json\/wp\/v2\/product_tag?post=8436"}],"curies":[{"name":"wp","href":"https:\/\/api.w.org\/{rel}","templated":true}]}}