{"id":8695,"date":"2024-12-11T13:07:54","date_gmt":"2024-12-11T11:07:54","guid":{"rendered":"https:\/\/www3.blomqvistplantskola.com\/?post_type=product&#038;p=8695"},"modified":"2026-03-19T13:17:41","modified_gmt":"2026-03-19T11:17:41","slug":"ympningskniv-tina-606-vanster","status":"publish","type":"product","link":"https:\/\/www3.blomqvistplantskola.com\/fi\/product\/ympningskniv-tina-606-vanster\/","title":{"rendered":"<b>Varttamisveitsi TINA 606 vasenk\u00e4tinen<\/b>"},"content":{"rendered":"","protected":false},"excerpt":{"rendered":"<p><span style=\"font-size: 16px;\">Eritt\u00e4in korkealaatuinen varttamisveitsi, sis\u00e4\u00e4ntaittuva ter\u00e4 55 mm.<br \/>\nHiottu kahva saksanp\u00e4hkin\u00e4\u00e4, 10,5cm.<br \/>\nVeitsi ammattilaisille ja s\u00e4\u00e4nn\u00f6llisesti varttaville<br \/>\nK\u00e4ytet\u00e4\u00e4n my\u00f6s silmuttamisessa<br \/>\nVasenk\u00e4tisille kapealla ter\u00e4ll\u00e4<\/span><\/p>\n<p>&nbsp;<\/p>","protected":false},"featured_media":0,"template":"","meta":[],"product_brand":[],"product_cat":[252],"product_tag":[],"class_list":{"0":"post-8695","1":"product","2":"type-product","3":"status-publish","5":"product_cat-ymptillbehor","7":"first","8":"outofstock","9":"taxable","10":"shipping-taxable","11":"purchasable","12":"product-type-simple"},"_links":{"self":[{"href":"https:\/\/www3.blomqvistplantskola.com\/fi\/wp-json\/wp\/v2\/product\/8695","targetHints":{"allow":["GET"]}}],"collection":[{"href":"https:\/\/www3.blomqvistplantskola.com\/fi\/wp-json\/wp\/v2\/product"}],"about":[{"href":"https:\/\/www3.blomqvistplantskola.com\/fi\/wp-json\/wp\/v2\/types\/product"}],"wp:attachment":[{"href":"https:\/\/www3.blomqvistplantskola.com\/fi\/wp-json\/wp\/v2\/media?parent=8695"}],"wp:term":[{"taxonomy":"product_brand","embeddable":true,"href":"https:\/\/www3.blomqvistplantskola.com\/fi\/wp-json\/wp\/v2\/product_brand?post=8695"},{"taxonomy":"product_cat","embeddable":true,"href":"https:\/\/www3.blomqvistplantskola.com\/fi\/wp-json\/wp\/v2\/product_cat?post=8695"},{"taxonomy":"product_tag","embeddable":true,"href":"https:\/\/www3.blomqvistplantskola.com\/fi\/wp-json\/wp\/v2\/product_tag?post=8695"}],"curies":[{"name":"wp","href":"https:\/\/api.w.org\/{rel}","templated":true}]}}