{"id":8724,"date":"2024-12-19T17:04:16","date_gmt":"2024-12-19T15:04:16","guid":{"rendered":"https:\/\/www3.blomqvistplantskola.com\/?post_type=product&#038;p=8724"},"modified":"2026-04-24T12:56:49","modified_gmt":"2026-04-24T10:56:49","slug":"hosui-ympris-pyrus-pyrifolia","status":"publish","type":"product","link":"https:\/\/www3.blomqvistplantskola.com\/fi\/product\/hosui-ympris-pyrus-pyrifolia\/","title":{"rendered":"<b>Early Shu (ympris) <\/b><br>Pyrus pyrifolia"},"content":{"rendered":"<p>1 paketti (=2 oksaa) riitt\u00e4\u00e4 noin 4-6 vartteeseen.<\/p>\n<p><b>Varttamisoksan k\u00e4sittely<\/b><br \/>\nSuosittelemme, ett\u00e4 s\u00e4ilyt\u00e4tte varttamisoksat kosteaan paperiin pakattuina ( ei suljetussa pussissa) j\u00e4\u00e4kaapissa tai vaihtoehtoisesti lumeen kaivettuna, kunnes on varttamisen aika.<\/p>","protected":false},"excerpt":{"rendered":"<p>\u2019Early Shu\u2019 on nashi-p\u00e4\u00e4ryn\u00e4, joita kutsutaan my\u00f6s mm. hiekkap\u00e4\u00e4ryn\u00e4ksi, omenap\u00e4\u00e4ryn\u00e4ksi ja aasialaiseksi p\u00e4\u00e4ryn\u00e4ksi. T\u00e4m\u00e4 lajike antaa hedelm\u00e4\u00e4 jo nuorella i\u00e4ll\u00e4. Hedelm\u00e4ll\u00e4 on kiinte\u00e4, valkoinen hedelm\u00e4liha ja hyv\u00e4 makea maku. Valkoiset kukat tuoksuvat hyv\u00e4lt\u00e4. Nashi-p\u00e4\u00e4ryn\u00e4\u00e4 voi k\u00e4ytt\u00e4\u00e4 leivonnassa ja ruoanlaitossa, mutta my\u00f6s raakana salaateissa kuten omenaa ja p\u00e4\u00e4ryn\u00e4\u00e4. Hedelm\u00e4 kypsyy lokakuussa, ja sit\u00e4 voi varastoida viile\u00e4ss\u00e4 noin 6 viikkoa. Lajike on osittain itsep\u00f6lyttyv\u00e4, mutta se suositellaan istutettavaksi toisen nashi-p\u00e4\u00e4ryn\u00e4n kanssa.<\/p>\n<p><strong>Vy\u00f6hyke: <\/strong>Suomi vy\u00f6hyke 1-?. Ruotsi vy\u00f6hyke 1-? talvenkest\u00e4vyytt\u00e4 tulee viel\u00e4 testata<br \/>\n<strong>Sort: <\/strong>Nashi p\u00e4\u00e4ryn\u00e4t<\/p>\n<p>&nbsp;<\/p>","protected":false},"featured_media":0,"template":"","meta":[],"product_brand":[],"product_cat":[251],"product_tag":[],"class_list":{"0":"post-8724","1":"product","2":"type-product","3":"status-publish","5":"product_cat-ympris","6":"product_shipping_class-postpaket","8":"first","9":"instock","10":"taxable","11":"shipping-taxable","12":"purchasable","13":"product-type-simple"},"_links":{"self":[{"href":"https:\/\/www3.blomqvistplantskola.com\/fi\/wp-json\/wp\/v2\/product\/8724","targetHints":{"allow":["GET"]}}],"collection":[{"href":"https:\/\/www3.blomqvistplantskola.com\/fi\/wp-json\/wp\/v2\/product"}],"about":[{"href":"https:\/\/www3.blomqvistplantskola.com\/fi\/wp-json\/wp\/v2\/types\/product"}],"wp:attachment":[{"href":"https:\/\/www3.blomqvistplantskola.com\/fi\/wp-json\/wp\/v2\/media?parent=8724"}],"wp:term":[{"taxonomy":"product_brand","embeddable":true,"href":"https:\/\/www3.blomqvistplantskola.com\/fi\/wp-json\/wp\/v2\/product_brand?post=8724"},{"taxonomy":"product_cat","embeddable":true,"href":"https:\/\/www3.blomqvistplantskola.com\/fi\/wp-json\/wp\/v2\/product_cat?post=8724"},{"taxonomy":"product_tag","embeddable":true,"href":"https:\/\/www3.blomqvistplantskola.com\/fi\/wp-json\/wp\/v2\/product_tag?post=8724"}],"curies":[{"name":"wp","href":"https:\/\/api.w.org\/{rel}","templated":true}]}}