{"id":8882,"date":"2025-01-15T13:15:24","date_gmt":"2025-01-15T11:15:24","guid":{"rendered":"https:\/\/www3.blomqvistplantskola.com\/?post_type=product&#038;p=8882"},"modified":"2026-03-20T13:20:51","modified_gmt":"2026-03-20T11:20:51","slug":"stenfrukt-grundstam-3-st-10-12mmprunus-krymsk-1-vva-1","status":"publish","type":"product","link":"https:\/\/www3.blomqvistplantskola.com\/fi\/product\/stenfrukt-grundstam-3-st-10-12mmprunus-krymsk-1-vva-1\/","title":{"rendered":"<b>Luumun ja kirsikan perusrunko 3 kpl (8-10 mm)<\/b><br>Prunus `Krymsk 1\u00b4 (VVA-1)"},"content":{"rendered":"<p>Kaikki perusrunkomme ovat sertifioituja ja taatusti vapaita Erwiniasta (Tulipolte).<br \/>\n3 kpl \/ paketti<\/p>","protected":false},"excerpt":{"rendered":"<div class=\"x_elementToProof\" data-olk-copy-source=\"MessageBody\">Krymsk 1 (VVA-1)<\/div>\n<div>- Hillittykasvuinen perusrunko<i>Prunus tomentosa<\/i>\u00a0\u00d7 <i>Prunus cerasifera<\/i>)<\/div>\n<div class=\"x_elementToProof\">- Yhteensopiva vartttamiseen mm. japanilaisen ja eurooppalaisen luumun, aprikoosin ja nukkakirsikan kanssa. Persikoiden osalta vaihteleva lopputulos<br \/>\n- Puusta tulee ainoastaan noin 50% kokoinen verrattuna lajikkeisiin, jotka on vartettu tavallisiin luumu- ja kirsikkaperusrunkoihin.<\/div>\n<div>- Juuristolla hyv\u00e4 kontakti maahan<br \/>\n- On hyv\u00e4, ett\u00e4 perusrunko on her\u00e4illyt hiukan varttamisajankohtana<\/div>","protected":false},"featured_media":0,"template":"","meta":[],"product_brand":[],"product_cat":[250],"product_tag":[],"class_list":{"0":"post-8882","1":"product","2":"type-product","3":"status-publish","5":"product_cat-grundstammar","6":"product_shipping_class-postpaket","8":"first","9":"outofstock","10":"taxable","11":"shipping-taxable","12":"purchasable","13":"product-type-simple"},"_links":{"self":[{"href":"https:\/\/www3.blomqvistplantskola.com\/fi\/wp-json\/wp\/v2\/product\/8882","targetHints":{"allow":["GET"]}}],"collection":[{"href":"https:\/\/www3.blomqvistplantskola.com\/fi\/wp-json\/wp\/v2\/product"}],"about":[{"href":"https:\/\/www3.blomqvistplantskola.com\/fi\/wp-json\/wp\/v2\/types\/product"}],"wp:attachment":[{"href":"https:\/\/www3.blomqvistplantskola.com\/fi\/wp-json\/wp\/v2\/media?parent=8882"}],"wp:term":[{"taxonomy":"product_brand","embeddable":true,"href":"https:\/\/www3.blomqvistplantskola.com\/fi\/wp-json\/wp\/v2\/product_brand?post=8882"},{"taxonomy":"product_cat","embeddable":true,"href":"https:\/\/www3.blomqvistplantskola.com\/fi\/wp-json\/wp\/v2\/product_cat?post=8882"},{"taxonomy":"product_tag","embeddable":true,"href":"https:\/\/www3.blomqvistplantskola.com\/fi\/wp-json\/wp\/v2\/product_tag?post=8882"}],"curies":[{"name":"wp","href":"https:\/\/api.w.org\/{rel}","templated":true}]}}