{"id":8950,"date":"2025-02-03T08:16:47","date_gmt":"2025-02-03T06:16:47","guid":{"rendered":"https:\/\/www3.blomqvistplantskola.com\/?post_type=product&#038;p=8950"},"modified":"2026-03-17T07:21:49","modified_gmt":"2026-03-17T05:21:49","slug":"appel-grundstam-25-st-8-12mmmalus-domestica-a2","status":"publish","type":"product","link":"https:\/\/www3.blomqvistplantskola.com\/fi\/product\/appel-grundstam-25-st-8-12mmmalus-domestica-a2\/","title":{"rendered":"<b>\u00c4ppel grundstam 25 st (8-12mm)<\/b><br>Malus domestica `A2\u00b4"},"content":{"rendered":"<p>Kaikki perusrunkomme ovat sertifioituja ja taatusti vapaita Erwiniasta (Tulipolte).<\/p>\n<p>Pakkauksessa 25 kpl.<\/p>","protected":false},"excerpt":{"rendered":"<p>- Voimakaskasvuinen omenan perusrunko<br \/>\n- Tavallinen perusrunko erityisesti Ruotsissa<br \/>\n- Suurikasvuinen, pitk\u00e4ik\u00e4inen puu<br \/>\n- Tulee suhteellisen aikaisin hedelm\u00e4lliseen ik\u00e4\u00e4n<br \/>\n- Hyv\u00e4 juuristo ja maakontakti<br \/>\n&#8211; FI zon 1-4. SE zon 1-5<\/p>","protected":false},"featured_media":3953,"template":"","meta":[],"product_brand":[],"product_cat":[250],"product_tag":[],"class_list":{"0":"post-8950","1":"product","2":"type-product","3":"status-publish","4":"has-post-thumbnail","6":"product_cat-grundstammar","7":"product_shipping_class-postpaket","9":"first","10":"outofstock","11":"taxable","12":"shipping-taxable","13":"purchasable","14":"product-type-simple"},"_links":{"self":[{"href":"https:\/\/www3.blomqvistplantskola.com\/fi\/wp-json\/wp\/v2\/product\/8950","targetHints":{"allow":["GET"]}}],"collection":[{"href":"https:\/\/www3.blomqvistplantskola.com\/fi\/wp-json\/wp\/v2\/product"}],"about":[{"href":"https:\/\/www3.blomqvistplantskola.com\/fi\/wp-json\/wp\/v2\/types\/product"}],"wp:featuredmedia":[{"embeddable":true,"href":"https:\/\/www3.blomqvistplantskola.com\/fi\/wp-json\/wp\/v2\/media\/3953"}],"wp:attachment":[{"href":"https:\/\/www3.blomqvistplantskola.com\/fi\/wp-json\/wp\/v2\/media?parent=8950"}],"wp:term":[{"taxonomy":"product_brand","embeddable":true,"href":"https:\/\/www3.blomqvistplantskola.com\/fi\/wp-json\/wp\/v2\/product_brand?post=8950"},{"taxonomy":"product_cat","embeddable":true,"href":"https:\/\/www3.blomqvistplantskola.com\/fi\/wp-json\/wp\/v2\/product_cat?post=8950"},{"taxonomy":"product_tag","embeddable":true,"href":"https:\/\/www3.blomqvistplantskola.com\/fi\/wp-json\/wp\/v2\/product_tag?post=8950"}],"curies":[{"name":"wp","href":"https:\/\/api.w.org\/{rel}","templated":true}]}}