{"id":8961,"date":"2025-02-05T19:18:10","date_gmt":"2025-02-05T17:18:10","guid":{"rendered":"https:\/\/www3.blomqvistplantskola.com\/?post_type=product&#038;p=8961"},"modified":"2026-04-06T13:22:51","modified_gmt":"2026-04-06T11:22:51","slug":"americana-ympris-pyrus-communis","status":"publish","type":"product","link":"https:\/\/www3.blomqvistplantskola.com\/fi\/product\/americana-ympris-pyrus-communis\/","title":{"rendered":"<b>Americana <\/b>(varttamisoksa) <br>Pyrus communis"},"content":{"rendered":"<p>Americana on kotoisin USA:sta, 1947, ja se tunnetaan siell\u00e4 nimell\u00e4 Devoe. Se on todenn\u00e4k\u00f6isesti Clapp\u2019s Favorit-p\u00e4\u00e4ryn\u00e4n j\u00e4lkel\u00e4inen. P\u00e4\u00e4ryn\u00e4 on vihre\u00e4, pintav\u00e4ri kauniin keltapunainen. Hedelm\u00e4 on suuri, usein v\u00e4hint\u00e4\u00e4n 200g, mutta jopa 500g, ja ovaalinmuotoinen. Malto kiinte\u00e4\u00e4, sile\u00e4\u00e4, eik\u00e4 siin\u00e4 ole kivisoluja.. Maku aromikas, makea ja mehukas. Mukana aavistus vaniljan aromia. Runsassatoinen. Puun kasvutapa vahva ja yl\u00f6ssuunntautuva.<\/p>","protected":false},"excerpt":{"rendered":"<p><strong>Vy\u00f6hyke: <\/strong>I-III<\/p>\n<p>&nbsp;<\/p>","protected":false},"featured_media":6735,"template":"","meta":[],"product_brand":[],"product_cat":[251],"product_tag":[],"class_list":{"0":"post-8961","1":"product","2":"type-product","3":"status-publish","4":"has-post-thumbnail","6":"product_cat-ympris","8":"first","9":"instock","10":"taxable","11":"shipping-taxable","12":"purchasable","13":"product-type-simple"},"_links":{"self":[{"href":"https:\/\/www3.blomqvistplantskola.com\/fi\/wp-json\/wp\/v2\/product\/8961","targetHints":{"allow":["GET"]}}],"collection":[{"href":"https:\/\/www3.blomqvistplantskola.com\/fi\/wp-json\/wp\/v2\/product"}],"about":[{"href":"https:\/\/www3.blomqvistplantskola.com\/fi\/wp-json\/wp\/v2\/types\/product"}],"wp:featuredmedia":[{"embeddable":true,"href":"https:\/\/www3.blomqvistplantskola.com\/fi\/wp-json\/wp\/v2\/media\/6735"}],"wp:attachment":[{"href":"https:\/\/www3.blomqvistplantskola.com\/fi\/wp-json\/wp\/v2\/media?parent=8961"}],"wp:term":[{"taxonomy":"product_brand","embeddable":true,"href":"https:\/\/www3.blomqvistplantskola.com\/fi\/wp-json\/wp\/v2\/product_brand?post=8961"},{"taxonomy":"product_cat","embeddable":true,"href":"https:\/\/www3.blomqvistplantskola.com\/fi\/wp-json\/wp\/v2\/product_cat?post=8961"},{"taxonomy":"product_tag","embeddable":true,"href":"https:\/\/www3.blomqvistplantskola.com\/fi\/wp-json\/wp\/v2\/product_tag?post=8961"}],"curies":[{"name":"wp","href":"https:\/\/api.w.org\/{rel}","templated":true}]}}