{"id":9141,"date":"2026-03-13T14:15:36","date_gmt":"2026-03-13T12:15:36","guid":{"rendered":"https:\/\/www3.blomqvistplantskola.com\/?post_type=product&#038;p=9141"},"modified":"2026-04-20T11:24:05","modified_gmt":"2026-04-20T09:24:05","slug":"lonneberga-spoprunus-avium","status":"publish","type":"product","link":"https:\/\/www3.blomqvistplantskola.com\/fi\/product\/lonneberga-spoprunus-avium\/","title":{"rendered":"<b>L\u00f6nneberga <\/b>(piiskataimi)<br>Prunus avium"},"content":{"rendered":"<p>Hedelm\u00e4puun piiska-\/ kevytttaimi 4 litran taimipussissa. Piiskataimet on leikattu noin 70-80 cm korkuisiksi.<br \/>\nMukana toimitetaan lyhyet viljelyohjeet, ja jo ensi syksyn\u00e4 sinulla on pieni hedelm\u00e4puu.<\/p>\n<p>undstam: Prunus `Gisela 5 \u00b4<\/p>","protected":false},"excerpt":{"rendered":"<p>S\u00f6tk\u00f6rsb\u00e4rssort som h\u00e4rstammar fr\u00e5n Astrid Lindgrens Vimmerby, L\u00f6nneberga i Sm\u00e5land. God, s\u00f6taktig smak med endast lite syrlighet. Kraftigv\u00e4xande sort som ger relativt snabbt sk\u00f6rd. B\u00f6r samplanteras med annan bigarr\u00e5 f\u00f6r att ge sk\u00f6rd. Grundstam: GiSelA 5<\/p>\n<p><strong>Vy\u00f6hyke: <\/strong>FI 1-2\/3. SE 1-4.<br \/>\n<strong>Tyyppi: <\/strong>Kirsikka \/ Makeakirsikka<\/p>","protected":false},"featured_media":6406,"template":"","meta":[],"product_brand":[],"product_cat":[243],"product_tag":[],"class_list":{"0":"post-9141","1":"product","2":"type-product","3":"status-publish","4":"has-post-thumbnail","6":"product_cat-korsbarstrad","7":"product_shipping_class-postpaket","9":"first","10":"outofstock","11":"taxable","12":"shipping-taxable","13":"purchasable","14":"product-type-simple"},"_links":{"self":[{"href":"https:\/\/www3.blomqvistplantskola.com\/fi\/wp-json\/wp\/v2\/product\/9141","targetHints":{"allow":["GET"]}}],"collection":[{"href":"https:\/\/www3.blomqvistplantskola.com\/fi\/wp-json\/wp\/v2\/product"}],"about":[{"href":"https:\/\/www3.blomqvistplantskola.com\/fi\/wp-json\/wp\/v2\/types\/product"}],"wp:featuredmedia":[{"embeddable":true,"href":"https:\/\/www3.blomqvistplantskola.com\/fi\/wp-json\/wp\/v2\/media\/6406"}],"wp:attachment":[{"href":"https:\/\/www3.blomqvistplantskola.com\/fi\/wp-json\/wp\/v2\/media?parent=9141"}],"wp:term":[{"taxonomy":"product_brand","embeddable":true,"href":"https:\/\/www3.blomqvistplantskola.com\/fi\/wp-json\/wp\/v2\/product_brand?post=9141"},{"taxonomy":"product_cat","embeddable":true,"href":"https:\/\/www3.blomqvistplantskola.com\/fi\/wp-json\/wp\/v2\/product_cat?post=9141"},{"taxonomy":"product_tag","embeddable":true,"href":"https:\/\/www3.blomqvistplantskola.com\/fi\/wp-json\/wp\/v2\/product_tag?post=9141"}],"curies":[{"name":"wp","href":"https:\/\/api.w.org\/{rel}","templated":true}]}}