{"id":9146,"date":"2026-03-13T14:18:28","date_gmt":"2026-03-13T12:18:28","guid":{"rendered":"https:\/\/www3.blomqvistplantskola.com\/?post_type=product&#038;p=9146"},"modified":"2026-03-13T15:53:48","modified_gmt":"2026-03-13T13:53:48","slug":"early-shu-spo-pyrus-pyrifolia","status":"publish","type":"product","link":"https:\/\/www3.blomqvistplantskola.com\/fi\/product\/early-shu-spo-pyrus-pyrifolia\/","title":{"rendered":"<b>Early Shu (piiskataimi) <\/b><br>Pyrus pyrifolia"},"content":{"rendered":"<p>Hedelm\u00e4puun piiska-\/ kevytttaimi 4 litran taimipussissa. Piiskataimet on leikattu noin 70-80 cm korkuisiksi.<br \/>\nMukana toimitetaan lyhyet viljelyohjeet, ja jo ensi syksyn\u00e4 sinulla on pieni hedelm\u00e4puu.<\/p>","protected":false},"excerpt":{"rendered":"<p><strong>PIISKATAIMI<\/strong><\/p>\n<p>\u2019Early Shu\u2019 on nashi-p\u00e4\u00e4ryn\u00e4, joita kutsutaan my\u00f6s mm. hiekkap\u00e4\u00e4ryn\u00e4ksi, omenap\u00e4\u00e4ryn\u00e4ksi ja aasialaiseksi p\u00e4\u00e4ryn\u00e4ksi. T\u00e4m\u00e4 lajike antaa hedelm\u00e4\u00e4 jo nuorella i\u00e4ll\u00e4. Hedelm\u00e4ll\u00e4 on kiinte\u00e4, valkoinen hedelm\u00e4liha ja hyv\u00e4 makea maku. Valkoiset kukat tuoksuvat hyv\u00e4lt\u00e4. Nashi-p\u00e4\u00e4ryn\u00e4\u00e4 voi k\u00e4ytt\u00e4\u00e4 leivonnassa ja ruoanlaitossa, mutta my\u00f6s raakana salaateissa kuten omenaa ja p\u00e4\u00e4ryn\u00e4\u00e4. Hedelm\u00e4 kypsyy lokakuussa, ja sit\u00e4 voi varastoida viile\u00e4ss\u00e4 noin 6 viikkoa. Lajike on osittain itsep\u00f6lyttyv\u00e4, mutta se suositellaan istutettavaksi toisen nashi-p\u00e4\u00e4ryn\u00e4n kanssa.<\/p>\n<p><strong>Vy\u00f6hyke: <\/strong>Suomi vy\u00f6hyke 1-?. Ruotsi vy\u00f6hyke 1-? talvenkest\u00e4vyytt\u00e4 tulee viel\u00e4 testata<br \/>\n<strong>Sort: <\/strong>Nashi p\u00e4\u00e4ryn\u00e4t<\/p>\n<p>&nbsp;<\/p>","protected":false},"featured_media":0,"template":"","meta":[],"product_brand":[],"product_cat":[241,244],"product_tag":[],"class_list":{"0":"post-9146","1":"product","2":"type-product","3":"status-publish","5":"product_cat-parontrad","6":"product_cat-persikor","7":"product_shipping_class-postpaket","9":"first","10":"instock","11":"taxable","12":"shipping-taxable","13":"purchasable","14":"product-type-simple"},"_links":{"self":[{"href":"https:\/\/www3.blomqvistplantskola.com\/fi\/wp-json\/wp\/v2\/product\/9146","targetHints":{"allow":["GET"]}}],"collection":[{"href":"https:\/\/www3.blomqvistplantskola.com\/fi\/wp-json\/wp\/v2\/product"}],"about":[{"href":"https:\/\/www3.blomqvistplantskola.com\/fi\/wp-json\/wp\/v2\/types\/product"}],"wp:attachment":[{"href":"https:\/\/www3.blomqvistplantskola.com\/fi\/wp-json\/wp\/v2\/media?parent=9146"}],"wp:term":[{"taxonomy":"product_brand","embeddable":true,"href":"https:\/\/www3.blomqvistplantskola.com\/fi\/wp-json\/wp\/v2\/product_brand?post=9146"},{"taxonomy":"product_cat","embeddable":true,"href":"https:\/\/www3.blomqvistplantskola.com\/fi\/wp-json\/wp\/v2\/product_cat?post=9146"},{"taxonomy":"product_tag","embeddable":true,"href":"https:\/\/www3.blomqvistplantskola.com\/fi\/wp-json\/wp\/v2\/product_tag?post=9146"}],"curies":[{"name":"wp","href":"https:\/\/api.w.org\/{rel}","templated":true}]}}