{"id":9149,"date":"2025-03-10T18:22:53","date_gmt":"2025-03-10T16:22:53","guid":{"rendered":"https:\/\/www3.blomqvistplantskola.com\/?post_type=product&#038;p=9149"},"modified":"2026-04-30T10:54:42","modified_gmt":"2026-04-30T08:54:42","slug":"rauhala-spoprunus-cerasus","status":"publish","type":"product","link":"https:\/\/www3.blomqvistplantskola.com\/fi\/product\/rauhala-spoprunus-cerasus\/","title":{"rendered":"<b>Rauhala <\/b>(piiskataimi)<br>Prunus cerasus"},"content":{"rendered":"<p>Hedelm\u00e4puun piiska-\/ kevytttaimi 4 litran taimipussissa. Piiskataimet on leikattu noin 70-80 cm korkuisiksi.<br \/>\nMukana toimitetaan lyhyet viljelyohjeet, ja jo ensi syksyn\u00e4 sinulla on pieni hedelm\u00e4puu.<\/p>","protected":false},"excerpt":{"rendered":"<p><strong>PIISKATAIMI<\/strong><\/p>\n<p>Pihtiputaalta l\u00f6ydetty kest\u00e4v\u00e4 morellityyppinen kirsikka. Roosaan vivahtavat kauniit kukat, t\u00e4m\u00e4n vuoksi k\u00e4ytet\u00e4\u00e4n jopa koristepuuna. Luultavasti vanha siemenlis\u00e4ys. Hedelm\u00e4t tummanpunaisia ja hapahkoja. Hedelm\u00e4t sopivat hyvin mehuihin ja hilloon, mutta kunnolla kypsin\u00e4 my\u00f6s tuorek\u00e4ytt\u00f6\u00f6n.<\/p>\n<p><strong>Vy\u00f6hyke: <\/strong>FI 1-3\/4. SE 1-4\/5.<br \/>\n<strong>Tyyppi: <\/strong>Morell \/ Surk\u00f6rsb\u00e4r<\/p>","protected":false},"featured_media":0,"template":"","meta":[],"product_brand":[],"product_cat":[243],"product_tag":[],"class_list":{"0":"post-9149","1":"product","2":"type-product","3":"status-publish","5":"product_cat-korsbarstrad","6":"product_shipping_class-postpaket","8":"first","9":"instock","10":"taxable","11":"shipping-taxable","12":"purchasable","13":"product-type-simple"},"_links":{"self":[{"href":"https:\/\/www3.blomqvistplantskola.com\/fi\/wp-json\/wp\/v2\/product\/9149","targetHints":{"allow":["GET"]}}],"collection":[{"href":"https:\/\/www3.blomqvistplantskola.com\/fi\/wp-json\/wp\/v2\/product"}],"about":[{"href":"https:\/\/www3.blomqvistplantskola.com\/fi\/wp-json\/wp\/v2\/types\/product"}],"wp:attachment":[{"href":"https:\/\/www3.blomqvistplantskola.com\/fi\/wp-json\/wp\/v2\/media?parent=9149"}],"wp:term":[{"taxonomy":"product_brand","embeddable":true,"href":"https:\/\/www3.blomqvistplantskola.com\/fi\/wp-json\/wp\/v2\/product_brand?post=9149"},{"taxonomy":"product_cat","embeddable":true,"href":"https:\/\/www3.blomqvistplantskola.com\/fi\/wp-json\/wp\/v2\/product_cat?post=9149"},{"taxonomy":"product_tag","embeddable":true,"href":"https:\/\/www3.blomqvistplantskola.com\/fi\/wp-json\/wp\/v2\/product_tag?post=9149"}],"curies":[{"name":"wp","href":"https:\/\/api.w.org\/{rel}","templated":true}]}}