{"id":9156,"date":"2026-03-13T14:21:40","date_gmt":"2026-03-13T12:21:40","guid":{"rendered":"https:\/\/www3.blomqvistplantskola.com\/?post_type=product&#038;p=9156"},"modified":"2026-03-13T14:21:40","modified_gmt":"2026-03-13T12:21:40","slug":"zaretsnaja-rannaja-spoprunus-domestica","status":"publish","type":"product","link":"https:\/\/www3.blomqvistplantskola.com\/fi\/product\/zaretsnaja-rannaja-spoprunus-domestica\/","title":{"rendered":"<b>Zaretsnaja rannaja <\/b>(piiskataimi)<br>Prunus domestica"},"content":{"rendered":"<p>Hedelm\u00e4puun piiska-\/ kevytttaimi 4 litran taimipussissa. Piiskataimet on leikattu noin 70-80 cm korkuisiksi.<br \/>\nMukana toimitetaan lyhyet viljelyohjeet, ja jo ensi syksyn\u00e4 sinulla on pieni hedelm\u00e4puu.<\/p>","protected":false},"excerpt":{"rendered":"<p><strong>PIISKATAIMI<\/strong><\/p>\n<p>Aikaisin satoi\u00e4n saavuttava, runsasatoinen ven\u00e4l\u00e4inen lajike. Tummanlilat, vahapintaiset hedelm\u00e4t. Hedelm\u00e4t kypsyv\u00e4t aikaisin, ja ovat pitkulaisia ja suuria. Hedelm\u00e4liha on vihre\u00e4nkeltaista ja mehukasta. Kivi irtoaa hyvin hedelm\u00e4lihasta. Hedelm\u00e4 sopii hyvin p\u00f6yt\u00e4hedelm\u00e4ksi ja keitti\u00f6k\u00e4ytt\u00f6\u00f6n. Kompakti, keskisuuri puu.<\/p>\n<p><strong>Vy\u00f6hyke: <\/strong>FI 1-2(3). SE 1-3(4).<br \/>\n<strong>Tyyppi: <\/strong>Luumu<\/p>","protected":false},"featured_media":0,"template":"","meta":[],"product_brand":[],"product_cat":[247],"product_tag":[],"class_list":{"0":"post-9156","1":"product","2":"type-product","3":"status-publish","5":"product_cat-plummontrad","6":"product_shipping_class-postpaket","8":"first","9":"instock","10":"taxable","11":"shipping-taxable","12":"purchasable","13":"product-type-simple"},"_links":{"self":[{"href":"https:\/\/www3.blomqvistplantskola.com\/fi\/wp-json\/wp\/v2\/product\/9156","targetHints":{"allow":["GET"]}}],"collection":[{"href":"https:\/\/www3.blomqvistplantskola.com\/fi\/wp-json\/wp\/v2\/product"}],"about":[{"href":"https:\/\/www3.blomqvistplantskola.com\/fi\/wp-json\/wp\/v2\/types\/product"}],"wp:attachment":[{"href":"https:\/\/www3.blomqvistplantskola.com\/fi\/wp-json\/wp\/v2\/media?parent=9156"}],"wp:term":[{"taxonomy":"product_brand","embeddable":true,"href":"https:\/\/www3.blomqvistplantskola.com\/fi\/wp-json\/wp\/v2\/product_brand?post=9156"},{"taxonomy":"product_cat","embeddable":true,"href":"https:\/\/www3.blomqvistplantskola.com\/fi\/wp-json\/wp\/v2\/product_cat?post=9156"},{"taxonomy":"product_tag","embeddable":true,"href":"https:\/\/www3.blomqvistplantskola.com\/fi\/wp-json\/wp\/v2\/product_tag?post=9156"}],"curies":[{"name":"wp","href":"https:\/\/api.w.org\/{rel}","templated":true}]}}