{"id":9162,"date":"2026-03-13T14:21:40","date_gmt":"2026-03-13T12:21:40","guid":{"rendered":"https:\/\/www3.blomqvistplantskola.com\/?post_type=product&#038;p=9162"},"modified":"2026-04-18T19:39:30","modified_gmt":"2026-04-18T17:39:30","slug":"himberg-blakrikon-spoprunus-domestica","status":"publish","type":"product","link":"https:\/\/www3.blomqvistplantskola.com\/fi\/product\/himberg-blakrikon-spoprunus-domestica\/","title":{"rendered":"<b>Himbergin sinikriikuna <\/b> (piiskataimi)<br>Prunus domestica"},"content":{"rendered":"<p>Hedelm\u00e4puun piiska-\/ kevytttaimi 4 litran taimipussissa. Piiskataimet on leikattu noin 70-80 cm korkuisiksi.<br \/>\nMukana toimitetaan lyhyet viljelyohjeet, ja jo ensi syksyn\u00e4 sinulla on pieni hedelm\u00e4puu.<\/p>","protected":false},"excerpt":{"rendered":"<p><strong>PIISKATAIMI<\/strong><\/p>\n<p>Paikallislajike Varsinais-Suomesta. Lajike on nopeakasvuinen ja runsassatoinen. Hedelm\u00e4t ovat hiukan suurempia kuin Sinikalla, eritt\u00e4in mehukkaita ja aromikkaita. K\u00e4rsii harvoin tautituhoista.<\/p>\n<p><strong>Vy\u00f6hyke: <\/strong>FI 1-3\/4. SE 1-4\/5.<br \/>\n<strong>Tyyppi: <\/strong>Krikon<\/p>","protected":false},"featured_media":0,"template":"","meta":[],"product_brand":[],"product_cat":[247],"product_tag":[],"class_list":{"0":"post-9162","1":"product","2":"type-product","3":"status-publish","5":"product_cat-plummontrad","6":"product_shipping_class-postpaket","8":"first","9":"instock","10":"taxable","11":"shipping-taxable","12":"purchasable","13":"product-type-simple"},"_links":{"self":[{"href":"https:\/\/www3.blomqvistplantskola.com\/fi\/wp-json\/wp\/v2\/product\/9162","targetHints":{"allow":["GET"]}}],"collection":[{"href":"https:\/\/www3.blomqvistplantskola.com\/fi\/wp-json\/wp\/v2\/product"}],"about":[{"href":"https:\/\/www3.blomqvistplantskola.com\/fi\/wp-json\/wp\/v2\/types\/product"}],"wp:attachment":[{"href":"https:\/\/www3.blomqvistplantskola.com\/fi\/wp-json\/wp\/v2\/media?parent=9162"}],"wp:term":[{"taxonomy":"product_brand","embeddable":true,"href":"https:\/\/www3.blomqvistplantskola.com\/fi\/wp-json\/wp\/v2\/product_brand?post=9162"},{"taxonomy":"product_cat","embeddable":true,"href":"https:\/\/www3.blomqvistplantskola.com\/fi\/wp-json\/wp\/v2\/product_cat?post=9162"},{"taxonomy":"product_tag","embeddable":true,"href":"https:\/\/www3.blomqvistplantskola.com\/fi\/wp-json\/wp\/v2\/product_tag?post=9162"}],"curies":[{"name":"wp","href":"https:\/\/api.w.org\/{rel}","templated":true}]}}