{"id":9171,"date":"2025-03-10T19:52:04","date_gmt":"2025-03-10T17:52:04","guid":{"rendered":"https:\/\/www3.blomqvistplantskola.com\/?post_type=product&#038;p=9171"},"modified":"2026-04-13T13:05:45","modified_gmt":"2026-04-13T11:05:45","slug":"jordgubbe-senga-senganafragaria-x-ananassa-senga-sengana","status":"publish","type":"product","link":"https:\/\/www3.blomqvistplantskola.com\/fi\/product\/jordgubbe-senga-senganafragaria-x-ananassa-senga-sengana\/","title":{"rendered":"<b>Jordgubbe Senga Sengana, 20 st<\/b><br>Fragaria  x  ananassa ` Senga Sengana\u00b4"},"content":{"rendered":"<p>Viimein t\u00e4t\u00e4 saa taas! Pidetty vanha lajike, joka oli Suomessa aiemmin kaikista viljellyin. My\u00f6h\u00e4inen lajike, jolla suuret eritt\u00e4in maukkaat marjat. Kest\u00e4v\u00e4. Jumbotaimet antavat yleensa sadon 60-65 p\u00e4iv\u00e4n kuluttua istutuksesta.<\/p>\n<p><strong>HOITO:<\/strong><br \/>\nPaljasjuuriset taimet istutetaan tavalliseen tapaan suoraan maahan, tai ne voi halutessaan istuttaa ruukkuun ennen sit\u00e4.<br \/>\nTaimia voi pit\u00e4\u00e4 odottamassa lopullista istutusta kosteaan turpeeseen tilap\u00e4isesti istutettuna nolla-asteisessa kellarissa, varastossa,  kylmi\u00f6ss\u00e4 tai lumen alla. Mansikantaimia voi jopa s\u00e4ilytt\u00e4\u00e4 jonkin aikaa j\u00e4\u00e4kaapissa kosteaa turvetta juurten ymp\u00e4rill\u00e4. Istutetaan niin pian kuin mahdollista kauden pident\u00e4miseksi.<\/p>\n<p>&nbsp;<\/p>","protected":false},"excerpt":{"rendered":"<p><span style=\"font-family: Arial, serif;\"><span style=\"font-size: medium;\">Suuria, paljasjuurisia jumbotaimia, jotka antavat hyv\u00e4n sadon jo samana kes\u00e4n\u00e4.<br \/>\nKysytty suosittu lajike suomalaisiin kotipuutarhoihin.<br \/>\n<\/span><\/span><span style=\"font-family: Arial, serif;\"><span style=\"font-size: medium;\">N\u00e4m\u00e4 taimet antavat yleens\u00e4 sadon n. 60-65 p\u00e4iv\u00e4\u00e4 istutuksen j\u00e4lkeen.<\/span><\/span><strong><span style=\"font-family: Arial, serif;\"><span style=\"font-size: medium;\"><br \/>\n<\/span><\/span><span style=\"font-family: Arial, serif;\"><span style=\"font-size: medium;\">20 kpl `Senga Sengana\u00b4<\/span><\/span><\/strong><\/p>\n<p><span style=\"font-family: Arial, serif;\"><span style=\"font-size: medium;\">\u00a0<\/span><\/span><\/p>","protected":false},"featured_media":9270,"template":"","meta":[],"product_brand":[],"product_cat":[248,312],"product_tag":[],"class_list":{"0":"post-9171","1":"product","2":"type-product","3":"status-publish","4":"has-post-thumbnail","6":"product_cat-barvaxter","7":"product_cat-paketerbjudanden","8":"product_shipping_class-postpaket","10":"first","11":"outofstock","12":"taxable","13":"shipping-taxable","14":"purchasable","15":"product-type-simple"},"_links":{"self":[{"href":"https:\/\/www3.blomqvistplantskola.com\/fi\/wp-json\/wp\/v2\/product\/9171","targetHints":{"allow":["GET"]}}],"collection":[{"href":"https:\/\/www3.blomqvistplantskola.com\/fi\/wp-json\/wp\/v2\/product"}],"about":[{"href":"https:\/\/www3.blomqvistplantskola.com\/fi\/wp-json\/wp\/v2\/types\/product"}],"wp:featuredmedia":[{"embeddable":true,"href":"https:\/\/www3.blomqvistplantskola.com\/fi\/wp-json\/wp\/v2\/media\/9270"}],"wp:attachment":[{"href":"https:\/\/www3.blomqvistplantskola.com\/fi\/wp-json\/wp\/v2\/media?parent=9171"}],"wp:term":[{"taxonomy":"product_brand","embeddable":true,"href":"https:\/\/www3.blomqvistplantskola.com\/fi\/wp-json\/wp\/v2\/product_brand?post=9171"},{"taxonomy":"product_cat","embeddable":true,"href":"https:\/\/www3.blomqvistplantskola.com\/fi\/wp-json\/wp\/v2\/product_cat?post=9171"},{"taxonomy":"product_tag","embeddable":true,"href":"https:\/\/www3.blomqvistplantskola.com\/fi\/wp-json\/wp\/v2\/product_tag?post=9171"}],"curies":[{"name":"wp","href":"https:\/\/api.w.org\/{rel}","templated":true}]}}