{"id":9183,"date":"2026-03-13T14:10:19","date_gmt":"2026-03-13T12:10:19","guid":{"rendered":"https:\/\/www3.blomqvistplantskola.com\/?post_type=product&#038;p=9183"},"modified":"2026-04-12T10:53:05","modified_gmt":"2026-04-12T08:53:05","slug":"dessertnaja-sposorbus","status":"publish","type":"product","link":"https:\/\/www3.blomqvistplantskola.com\/fi\/product\/dessertnaja-sposorbus\/","title":{"rendered":"<b>Makeapihlaja <\/b>(piiskataimi)<br>Sorbus `Dessertnaja\u00b4"},"content":{"rendered":"<p>Hedelm\u00e4puun piiska-\/ kevytttaimi 4 litran taimipussissa. Piiskataimet on leikattu noin 70-80 cm korkuisiksi.<br \/>\nMukana toimitetaan lyhyet viljelyohjeet, ja jo ensi syksyn\u00e4 sinulla on pieni puu.<\/p>","protected":false},"excerpt":{"rendered":"<p><strong>PIISKATAIMI<\/strong><\/p>\n<p>Makeapihlajan ja mispelin risteym\u00e4. Marja on tummanpunainen, maussa vain liev\u00e4sti puumaisuutta. Marjoissa runsaasti C-vitamiinia, antioksidantteja sek\u00e4 fenoleja. Koristeellinen puu antaa satoa melko pian. Kaunis syysv\u00e4ri.<\/p>\n<p><strong>Vy\u00f6hyke: <\/strong>FI 1-5\/6 SE 1-7.<br \/>\n<strong>Tyyppi: <\/strong>Makeapihlaja<\/p>","protected":false},"featured_media":0,"template":"","meta":[],"product_brand":[],"product_cat":[248,254,244],"product_tag":[],"class_list":{"0":"post-9183","1":"product","2":"type-product","3":"status-publish","5":"product_cat-barvaxter","6":"product_cat-lovtrad","7":"product_cat-persikor","8":"product_shipping_class-postpaket","10":"first","11":"instock","12":"taxable","13":"shipping-taxable","14":"purchasable","15":"product-type-simple"},"_links":{"self":[{"href":"https:\/\/www3.blomqvistplantskola.com\/fi\/wp-json\/wp\/v2\/product\/9183","targetHints":{"allow":["GET"]}}],"collection":[{"href":"https:\/\/www3.blomqvistplantskola.com\/fi\/wp-json\/wp\/v2\/product"}],"about":[{"href":"https:\/\/www3.blomqvistplantskola.com\/fi\/wp-json\/wp\/v2\/types\/product"}],"wp:attachment":[{"href":"https:\/\/www3.blomqvistplantskola.com\/fi\/wp-json\/wp\/v2\/media?parent=9183"}],"wp:term":[{"taxonomy":"product_brand","embeddable":true,"href":"https:\/\/www3.blomqvistplantskola.com\/fi\/wp-json\/wp\/v2\/product_brand?post=9183"},{"taxonomy":"product_cat","embeddable":true,"href":"https:\/\/www3.blomqvistplantskola.com\/fi\/wp-json\/wp\/v2\/product_cat?post=9183"},{"taxonomy":"product_tag","embeddable":true,"href":"https:\/\/www3.blomqvistplantskola.com\/fi\/wp-json\/wp\/v2\/product_tag?post=9183"}],"curies":[{"name":"wp","href":"https:\/\/api.w.org\/{rel}","templated":true}]}}