{"id":9184,"date":"2026-03-13T14:10:19","date_gmt":"2026-03-13T12:10:19","guid":{"rendered":"https:\/\/www3.blomqvistplantskola.com\/?post_type=product&#038;p=9184"},"modified":"2026-04-12T10:53:05","modified_gmt":"2026-04-12T08:53:05","slug":"granatnaja-sposorbus","status":"publish","type":"product","link":"https:\/\/www3.blomqvistplantskola.com\/fi\/product\/granatnaja-sposorbus\/","title":{"rendered":"<b>Makeapihlaja <\/b>(piiskataimi)<br>Sorbus `Granatnaja\u00b4"},"content":{"rendered":"<p>Hedelm\u00e4puun piiska-\/ kevytttaimi 4 litran taimipussissa. Piiskataimet on leikattu noin 70-80 cm korkuisiksi.<br \/>\nMukana toimitetaan lyhyet viljelyohjeet, ja jo ensi syksyn\u00e4 sinulla on pieni puu.<\/p>","protected":false},"excerpt":{"rendered":"<p><strong>PIISKATAIMI<\/strong><b><\/b><\/p>\n<p>Puolikorkea lajike, joka on pihlajan ja orapihlajan risteytys. Marja on tummanpunainen, maussa vain liev\u00e4sti puumaisuutta. Marjoissa runsaasti C-vitamiinia, antioksidantteja sek\u00e4 fenoleja. Koristeellinen puu antaa satoa melko pian. Kaunis syysv\u00e4ri.<\/p>\n<p><strong>Vy\u00f6hyke: <\/strong>FI 1-5\/6 SE 1-7.<br \/>\n<strong>Tyyppi: <\/strong>Makeapihlaja<\/p>","protected":false},"featured_media":9294,"template":"","meta":[],"product_brand":[],"product_cat":[248,254,244],"product_tag":[],"class_list":{"0":"post-9184","1":"product","2":"type-product","3":"status-publish","4":"has-post-thumbnail","6":"product_cat-barvaxter","7":"product_cat-lovtrad","8":"product_cat-persikor","9":"product_shipping_class-postpaket","11":"first","12":"instock","13":"taxable","14":"shipping-taxable","15":"purchasable","16":"product-type-simple"},"_links":{"self":[{"href":"https:\/\/www3.blomqvistplantskola.com\/fi\/wp-json\/wp\/v2\/product\/9184","targetHints":{"allow":["GET"]}}],"collection":[{"href":"https:\/\/www3.blomqvistplantskola.com\/fi\/wp-json\/wp\/v2\/product"}],"about":[{"href":"https:\/\/www3.blomqvistplantskola.com\/fi\/wp-json\/wp\/v2\/types\/product"}],"wp:featuredmedia":[{"embeddable":true,"href":"https:\/\/www3.blomqvistplantskola.com\/fi\/wp-json\/wp\/v2\/media\/9294"}],"wp:attachment":[{"href":"https:\/\/www3.blomqvistplantskola.com\/fi\/wp-json\/wp\/v2\/media?parent=9184"}],"wp:term":[{"taxonomy":"product_brand","embeddable":true,"href":"https:\/\/www3.blomqvistplantskola.com\/fi\/wp-json\/wp\/v2\/product_brand?post=9184"},{"taxonomy":"product_cat","embeddable":true,"href":"https:\/\/www3.blomqvistplantskola.com\/fi\/wp-json\/wp\/v2\/product_cat?post=9184"},{"taxonomy":"product_tag","embeddable":true,"href":"https:\/\/www3.blomqvistplantskola.com\/fi\/wp-json\/wp\/v2\/product_tag?post=9184"}],"curies":[{"name":"wp","href":"https:\/\/api.w.org\/{rel}","templated":true}]}}