{"id":9185,"date":"2026-03-13T14:10:19","date_gmt":"2026-03-13T12:10:19","guid":{"rendered":"https:\/\/www3.blomqvistplantskola.com\/?post_type=product&#038;p=9185"},"modified":"2026-04-23T11:36:32","modified_gmt":"2026-04-23T09:36:32","slug":"kraswicha-sposorbus","status":"publish","type":"product","link":"https:\/\/www3.blomqvistplantskola.com\/fi\/product\/kraswicha-sposorbus\/","title":{"rendered":"<b>Kraswicha <\/b>(piiskataimi)<br>Sorbus"},"content":{"rendered":"<p>Hedelm\u00e4puun piiska-\/ kevytttaimi 4 litran taimipussissa. Piiskataimet on leikattu noin 70-80 cm korkuisiksi.<br \/>\nMukana toimitetaan lyhyet viljelyohjeet, ja jo ensi syksyn\u00e4 sinulla on pieni hedelm\u00e4puu.<\/p>","protected":false},"excerpt":{"rendered":"<p><strong>PIISKATAIMI<\/strong><b><\/b><\/p>\n<p><span class=\"\">Pihlajan ja p\u00e4\u00e4ryn\u00e4n risteym\u00e4, joka saatiin Miczurinilta. <\/span>Marjat ovat suuria, py\u00f6reit\u00e4, oransseja hedelmi\u00e4, joilla on mehukas oranssi hedelm\u00e4liha. Ne ovat sy\u00f6t\u00e4vi\u00e4, maultaan makeita, happamia ja pirist\u00e4vi\u00e4, mukana hiukan kitkeryytt\u00e4. Hedelm\u00e4llinen lajike. Hedelm\u00e4t voi sy\u00f6d\u00e4 sek\u00e4 tuoreena ett\u00e4 s\u00e4il\u00f6ttyn\u00e4.<b><br \/>\n<\/b><\/p>\n<p><strong>Vy\u00f6hyke: <\/strong>FI 1-5\/6 SE 1-7.<br \/>\n<strong>Tyyppi: <\/strong>Makeapihlaja<\/p>","protected":false},"featured_media":9295,"template":"","meta":[],"product_brand":[],"product_cat":[248,254,244],"product_tag":[],"class_list":{"0":"post-9185","1":"product","2":"type-product","3":"status-publish","4":"has-post-thumbnail","6":"product_cat-barvaxter","7":"product_cat-lovtrad","8":"product_cat-persikor","9":"product_shipping_class-postpaket","11":"first","12":"outofstock","13":"taxable","14":"shipping-taxable","15":"purchasable","16":"product-type-simple"},"_links":{"self":[{"href":"https:\/\/www3.blomqvistplantskola.com\/fi\/wp-json\/wp\/v2\/product\/9185","targetHints":{"allow":["GET"]}}],"collection":[{"href":"https:\/\/www3.blomqvistplantskola.com\/fi\/wp-json\/wp\/v2\/product"}],"about":[{"href":"https:\/\/www3.blomqvistplantskola.com\/fi\/wp-json\/wp\/v2\/types\/product"}],"wp:featuredmedia":[{"embeddable":true,"href":"https:\/\/www3.blomqvistplantskola.com\/fi\/wp-json\/wp\/v2\/media\/9295"}],"wp:attachment":[{"href":"https:\/\/www3.blomqvistplantskola.com\/fi\/wp-json\/wp\/v2\/media?parent=9185"}],"wp:term":[{"taxonomy":"product_brand","embeddable":true,"href":"https:\/\/www3.blomqvistplantskola.com\/fi\/wp-json\/wp\/v2\/product_brand?post=9185"},{"taxonomy":"product_cat","embeddable":true,"href":"https:\/\/www3.blomqvistplantskola.com\/fi\/wp-json\/wp\/v2\/product_cat?post=9185"},{"taxonomy":"product_tag","embeddable":true,"href":"https:\/\/www3.blomqvistplantskola.com\/fi\/wp-json\/wp\/v2\/product_tag?post=9185"}],"curies":[{"name":"wp","href":"https:\/\/api.w.org\/{rel}","templated":true}]}}