{"id":9186,"date":"2026-03-13T13:46:47","date_gmt":"2026-03-13T11:46:47","guid":{"rendered":"https:\/\/www3.blomqvistplantskola.com\/?post_type=product&#038;p=9186"},"modified":"2026-03-13T13:46:47","modified_gmt":"2026-03-13T11:46:47","slug":"citronapple-spomalus-domestica","status":"publish","type":"product","link":"https:\/\/www3.blomqvistplantskola.com\/fi\/product\/citronapple-spomalus-domestica\/","title":{"rendered":"<b>Sitruunaomena <\/b>(piiskataimi)<br>Malus domestica"},"content":{"rendered":"<p>Hedelm\u00e4puun piiska-\/ kevytttaimi 4 litran taimipussissa. Piiskataimet on leikattu noin 70-80 cm korkuisiksi.<br \/>\nMukana toimitetaan lyhyet viljelyohjeet, ja jo ensi syksyn\u00e4 sinulla on pieni hedelm\u00e4puu.<\/p>","protected":false},"excerpt":{"rendered":"<p><strong>PIISKATAIMI<\/strong><b><\/b><\/p>\n<p>Sitruunaomena, joka l\u00f6ydettiin Piikki\u00f6l\u00e4isest\u00e4 puutarhasta 1860-luvulla. Lajike on ollut unohduksissa pitk\u00e4\u00e4n, mutta teki 2000-luvulla paluun pidetyksi talousomenaksi alueella. Hedelm\u00e4 on varsin hapan sy\u00f6t\u00e4v\u00e4ksi,, mutta soveltuu mainiosti talousk\u00e4ytt\u00f6\u00f6n mehuiksi, soseiksi ja viiniin. Hedelm\u00e4 on py\u00f6re\u00e4, v\u00e4rilt\u00e4\u00e4n vaalean keltavihre\u00e4, pinnassa punakeltaisia viiruja.Puu on leve\u00e4kasvuinen jo nuorena, vanhemmiten oksat alkavat helposti roikkua.<\/p>\n<p><strong>Vy\u00f6hyke: <\/strong>FI 1-3.\u00a0 SE 1-4.<br \/>\n<strong>Tyyppi: <\/strong>Syksylajike<\/p>","protected":false},"featured_media":6287,"template":"","meta":[],"product_brand":[],"product_cat":[240],"product_tag":[],"class_list":{"0":"post-9186","1":"product","2":"type-product","3":"status-publish","4":"has-post-thumbnail","6":"product_cat-appeltrad","7":"product_shipping_class-postpaket","9":"first","10":"instock","11":"taxable","12":"shipping-taxable","13":"purchasable","14":"product-type-simple"},"_links":{"self":[{"href":"https:\/\/www3.blomqvistplantskola.com\/fi\/wp-json\/wp\/v2\/product\/9186","targetHints":{"allow":["GET"]}}],"collection":[{"href":"https:\/\/www3.blomqvistplantskola.com\/fi\/wp-json\/wp\/v2\/product"}],"about":[{"href":"https:\/\/www3.blomqvistplantskola.com\/fi\/wp-json\/wp\/v2\/types\/product"}],"wp:featuredmedia":[{"embeddable":true,"href":"https:\/\/www3.blomqvistplantskola.com\/fi\/wp-json\/wp\/v2\/media\/6287"}],"wp:attachment":[{"href":"https:\/\/www3.blomqvistplantskola.com\/fi\/wp-json\/wp\/v2\/media?parent=9186"}],"wp:term":[{"taxonomy":"product_brand","embeddable":true,"href":"https:\/\/www3.blomqvistplantskola.com\/fi\/wp-json\/wp\/v2\/product_brand?post=9186"},{"taxonomy":"product_cat","embeddable":true,"href":"https:\/\/www3.blomqvistplantskola.com\/fi\/wp-json\/wp\/v2\/product_cat?post=9186"},{"taxonomy":"product_tag","embeddable":true,"href":"https:\/\/www3.blomqvistplantskola.com\/fi\/wp-json\/wp\/v2\/product_tag?post=9186"}],"curies":[{"name":"wp","href":"https:\/\/api.w.org\/{rel}","templated":true}]}}