{"id":9190,"date":"2026-03-13T14:21:40","date_gmt":"2026-03-13T12:21:40","guid":{"rendered":"https:\/\/www3.blomqvistplantskola.com\/?post_type=product&#038;p=9190"},"modified":"2026-03-13T14:21:40","modified_gmt":"2026-03-13T12:21:40","slug":"vilmitarspoprunus-domestica","status":"publish","type":"product","link":"https:\/\/www3.blomqvistplantskola.com\/fi\/product\/vilmitarspoprunus-domestica\/","title":{"rendered":"<b>Vilmitar<\/b>(piiskataimi)<br>Prunus domestica"},"content":{"rendered":"<p>Hedelm\u00e4puun piiska-\/ kevytttaimi 4 litran taimipussissa. Piiskataimet on leikattu noin 70-80 cm korkuisiksi.<br \/>\nMukana toimitetaan lyhyet viljelyohjeet, ja jo ensi syksyn\u00e4 sinulla on pieni hedelm\u00e4puu.<\/p>","protected":false},"excerpt":{"rendered":"<p><strong>PIISKATAIMI<\/strong><\/p>\n<p>Eestil\u00e4inen lajike, jolla aromikkaat, melko pienet, py\u00f6re\u00e4t hedelm\u00e4t. Hedelm\u00e4liha on tummankeltaista, pehme\u00e4\u00e4, ja sill\u00e4 on voimakas miellytt\u00e4v\u00e4 maku. Keskisuuri puu, jolla pysty oksisto. Osittain itsep\u00f6lyttyv\u00e4, mutta sadon varmistamiseksi istuta yhdess\u00e4 toisen luumun kanssa. Terve ja hyv\u00e4 tuorehedelm\u00e4.<\/p>\n<p><strong>Vy\u00f6hyke: <\/strong>FI 1-2\/3. SE 1-4.<br \/>\n<strong>Tyyppi: <\/strong>Luumu<\/p>","protected":false},"featured_media":6395,"template":"","meta":[],"product_brand":[],"product_cat":[247],"product_tag":[],"class_list":{"0":"post-9190","1":"product","2":"type-product","3":"status-publish","4":"has-post-thumbnail","6":"product_cat-plummontrad","7":"product_shipping_class-postpaket","9":"first","10":"instock","11":"taxable","12":"shipping-taxable","13":"purchasable","14":"product-type-simple"},"_links":{"self":[{"href":"https:\/\/www3.blomqvistplantskola.com\/fi\/wp-json\/wp\/v2\/product\/9190","targetHints":{"allow":["GET"]}}],"collection":[{"href":"https:\/\/www3.blomqvistplantskola.com\/fi\/wp-json\/wp\/v2\/product"}],"about":[{"href":"https:\/\/www3.blomqvistplantskola.com\/fi\/wp-json\/wp\/v2\/types\/product"}],"wp:featuredmedia":[{"embeddable":true,"href":"https:\/\/www3.blomqvistplantskola.com\/fi\/wp-json\/wp\/v2\/media\/6395"}],"wp:attachment":[{"href":"https:\/\/www3.blomqvistplantskola.com\/fi\/wp-json\/wp\/v2\/media?parent=9190"}],"wp:term":[{"taxonomy":"product_brand","embeddable":true,"href":"https:\/\/www3.blomqvistplantskola.com\/fi\/wp-json\/wp\/v2\/product_brand?post=9190"},{"taxonomy":"product_cat","embeddable":true,"href":"https:\/\/www3.blomqvistplantskola.com\/fi\/wp-json\/wp\/v2\/product_cat?post=9190"},{"taxonomy":"product_tag","embeddable":true,"href":"https:\/\/www3.blomqvistplantskola.com\/fi\/wp-json\/wp\/v2\/product_tag?post=9190"}],"curies":[{"name":"wp","href":"https:\/\/api.w.org\/{rel}","templated":true}]}}