{"id":9192,"date":"2026-03-13T14:10:16","date_gmt":"2026-03-13T12:10:16","guid":{"rendered":"https:\/\/www3.blomqvistplantskola.com\/?post_type=product&#038;p=9192"},"modified":"2026-04-26T18:40:20","modified_gmt":"2026-04-26T16:40:20","slug":"vinranka-vitis-somerset-seedless","status":"publish","type":"product","link":"https:\/\/www3.blomqvistplantskola.com\/fi\/product\/vinranka-vitis-somerset-seedless\/","title":{"rendered":"<b>Viinik\u00f6ynn\u00f6s <\/b><br>Vitis `Somerset Seedless\u00b4"},"content":{"rendered":"<p>Taimi 2 litran ruukussa.<\/p>","protected":false},"excerpt":{"rendered":"<p>Vihdoin kest\u00e4v\u00e4mpi siemenet\u00f6n ryp\u00e4le! Somerset Seedless on punainen, siemenet\u00f6n ryp\u00e4le, joka kypsyy samanaikaisesti, kuin tunnettu ja kest\u00e4v\u00e4 Zilga.My\u00f6s t\u00e4m\u00e4 USA:sta kotoisin oleva ryp\u00e4le on selvinnyt -35 asteen talvista. Kasvatetaan l\u00e4mpim\u00e4ll\u00e4, suojaisella etel\u00e4sein\u00e4ll\u00e4 tai kasvihuoneessa, jotta se voi muodostaa makeimmat ryp\u00e4leet. Mainio testattava p\u00f6yt\u00e4ryp\u00e4leeksi. Ristip\u00f6lytyst\u00e4 suositellaan parhaan sadon saamiseksi (istuta vierelle toinen lajike).<\/p>\n<p><strong>Vy\u00f6hyke: <\/strong>FI 1-4\/5. SE 1-5.<br \/>\n<strong>Korkeus: <\/strong>4 &#8211; 6 m<\/p>","protected":false},"featured_media":9290,"template":"","meta":[],"product_brand":[],"product_cat":[248],"product_tag":[],"class_list":{"0":"post-9192","1":"product","2":"type-product","3":"status-publish","4":"has-post-thumbnail","6":"product_cat-barvaxter","7":"product_shipping_class-postpaket","9":"first","10":"instock","11":"taxable","12":"shipping-taxable","13":"purchasable","14":"product-type-simple"},"_links":{"self":[{"href":"https:\/\/www3.blomqvistplantskola.com\/fi\/wp-json\/wp\/v2\/product\/9192","targetHints":{"allow":["GET"]}}],"collection":[{"href":"https:\/\/www3.blomqvistplantskola.com\/fi\/wp-json\/wp\/v2\/product"}],"about":[{"href":"https:\/\/www3.blomqvistplantskola.com\/fi\/wp-json\/wp\/v2\/types\/product"}],"wp:featuredmedia":[{"embeddable":true,"href":"https:\/\/www3.blomqvistplantskola.com\/fi\/wp-json\/wp\/v2\/media\/9290"}],"wp:attachment":[{"href":"https:\/\/www3.blomqvistplantskola.com\/fi\/wp-json\/wp\/v2\/media?parent=9192"}],"wp:term":[{"taxonomy":"product_brand","embeddable":true,"href":"https:\/\/www3.blomqvistplantskola.com\/fi\/wp-json\/wp\/v2\/product_brand?post=9192"},{"taxonomy":"product_cat","embeddable":true,"href":"https:\/\/www3.blomqvistplantskola.com\/fi\/wp-json\/wp\/v2\/product_cat?post=9192"},{"taxonomy":"product_tag","embeddable":true,"href":"https:\/\/www3.blomqvistplantskola.com\/fi\/wp-json\/wp\/v2\/product_tag?post=9192"}],"curies":[{"name":"wp","href":"https:\/\/api.w.org\/{rel}","templated":true}]}}