{"id":9193,"date":"2026-03-13T14:23:55","date_gmt":"2026-03-13T12:23:55","guid":{"rendered":"https:\/\/www3.blomqvistplantskola.com\/?post_type=product&#038;p=9193"},"modified":"2026-03-13T14:23:55","modified_gmt":"2026-03-13T12:23:55","slug":"blaregnwisteria-sinensis-profilac","status":"publish","type":"product","link":"https:\/\/www3.blomqvistplantskola.com\/fi\/product\/blaregnwisteria-sinensis-profilac\/","title":{"rendered":"<b>Sinisade<\/b><br>Wisteria sinensis `Profilac\u00b4"},"content":{"rendered":"<p>Taimi 2 litran ruukussa.<\/p>","protected":false},"excerpt":{"rendered":"<p>Massoittain siniliiloja, roikkuvia kukkaterttuja alkukes\u00e4n aikana. Hyv\u00e4 lajike kasvatettavaksi l\u00e4mpim\u00e4ll\u00e4, suojaisella paikalla ruukussa, jotta kasvin voi siirt\u00e4\u00e4 sis\u00e4lle talveksi. Mainio talvipuutarhaan. Kasvi kasvaa kuin liaani tuen ymp\u00e4ri kiiveten valoa kohti. Lehtiin muoodtuu kaunis, keltainen syysv\u00e4ri. Tulee talvisuojata, mik\u00e4li suojaava lumipeite puuttuu sek\u00e4 ylemmill\u00e4 vy\u00f6hykkeill\u00e4. P\u00f6lytt\u00e4jien suosiossa.<\/p>\n<p><strong>Vy\u00f6hyke: <\/strong>FI 1-?. SE 1-?.<br \/>\n<strong>Korkeus: <\/strong>3 &#8211; 6 m<\/p>\n<p>&nbsp;<\/p>\n<p><span style=\"font-family: Arial, serif;\"><span style=\"font-size: medium;\">\u00a0<\/span><\/span><\/p>","protected":false},"featured_media":0,"template":"","meta":[],"product_brand":[],"product_cat":[253],"product_tag":[],"class_list":{"0":"post-9193","1":"product","2":"type-product","3":"status-publish","5":"product_cat-prydnadsbuskar","6":"product_shipping_class-postpaket","8":"first","9":"instock","10":"taxable","11":"shipping-taxable","12":"purchasable","13":"product-type-simple"},"_links":{"self":[{"href":"https:\/\/www3.blomqvistplantskola.com\/fi\/wp-json\/wp\/v2\/product\/9193","targetHints":{"allow":["GET"]}}],"collection":[{"href":"https:\/\/www3.blomqvistplantskola.com\/fi\/wp-json\/wp\/v2\/product"}],"about":[{"href":"https:\/\/www3.blomqvistplantskola.com\/fi\/wp-json\/wp\/v2\/types\/product"}],"wp:attachment":[{"href":"https:\/\/www3.blomqvistplantskola.com\/fi\/wp-json\/wp\/v2\/media?parent=9193"}],"wp:term":[{"taxonomy":"product_brand","embeddable":true,"href":"https:\/\/www3.blomqvistplantskola.com\/fi\/wp-json\/wp\/v2\/product_brand?post=9193"},{"taxonomy":"product_cat","embeddable":true,"href":"https:\/\/www3.blomqvistplantskola.com\/fi\/wp-json\/wp\/v2\/product_cat?post=9193"},{"taxonomy":"product_tag","embeddable":true,"href":"https:\/\/www3.blomqvistplantskola.com\/fi\/wp-json\/wp\/v2\/product_tag?post=9193"}],"curies":[{"name":"wp","href":"https:\/\/api.w.org\/{rel}","templated":true}]}}