{"id":9196,"date":"2026-03-13T14:10:17","date_gmt":"2026-03-13T12:10:17","guid":{"rendered":"https:\/\/www3.blomqvistplantskola.com\/?post_type=product&#038;p=9196"},"modified":"2026-04-24T20:15:39","modified_gmt":"2026-04-24T18:15:39","slug":"lila-hallon-p9rubus-idaeus-glencoe","status":"publish","type":"product","link":"https:\/\/www3.blomqvistplantskola.com\/fi\/product\/lila-hallon-p9rubus-idaeus-glencoe\/","title":{"rendered":"<b>Purppuravadelma P9<\/b><br>Rubus idaeus `Glencoe\u00b4"},"content":{"rendered":"<p>Ungplanta i 9,5 cm:s kruka.<\/p>","protected":false},"excerpt":{"rendered":"<p><strong>Rubus idaeus `Glencoe\u00b4\u00a0 <\/strong>Ovanlig sort fr\u00e5n Skottland med bl\u00e5lila hallon under en l\u00e5ng sk\u00f6rdeperiod. Busken \u00e4r taggfri och b\u00e4ren \u00e4r stora, goda med mera smak \u00e4n vanliga hallon. Korsning mellan svarthallon och vanliga hallon. V\u00e4xer kraftigt i buskform och sk\u00f6ts som vanliga hallon. Ger inte mycket rotskott.\u00a0 Mycket omtyckt bland personal och kunder p\u00e5 plantskolan. Efterfr\u00e5gad sort som s\u00e4llan finns och blivit plantskolans favorit!<\/p>\n<p><strong>Vy\u00f6hyke: <\/strong>FI 1 &#8211; 4. SE\u00a0 1 &#8211; 5\/6.<br \/>\n<strong>Korkeus: <\/strong>1,5-2 m<\/p>","protected":false},"featured_media":4828,"template":"","meta":[],"product_brand":[],"product_cat":[248],"product_tag":[],"class_list":{"0":"post-9196","1":"product","2":"type-product","3":"status-publish","4":"has-post-thumbnail","6":"product_cat-barvaxter","7":"product_shipping_class-postpaket","9":"first","10":"outofstock","11":"taxable","12":"shipping-taxable","13":"purchasable","14":"product-type-simple"},"_links":{"self":[{"href":"https:\/\/www3.blomqvistplantskola.com\/fi\/wp-json\/wp\/v2\/product\/9196","targetHints":{"allow":["GET"]}}],"collection":[{"href":"https:\/\/www3.blomqvistplantskola.com\/fi\/wp-json\/wp\/v2\/product"}],"about":[{"href":"https:\/\/www3.blomqvistplantskola.com\/fi\/wp-json\/wp\/v2\/types\/product"}],"wp:featuredmedia":[{"embeddable":true,"href":"https:\/\/www3.blomqvistplantskola.com\/fi\/wp-json\/wp\/v2\/media\/4828"}],"wp:attachment":[{"href":"https:\/\/www3.blomqvistplantskola.com\/fi\/wp-json\/wp\/v2\/media?parent=9196"}],"wp:term":[{"taxonomy":"product_brand","embeddable":true,"href":"https:\/\/www3.blomqvistplantskola.com\/fi\/wp-json\/wp\/v2\/product_brand?post=9196"},{"taxonomy":"product_cat","embeddable":true,"href":"https:\/\/www3.blomqvistplantskola.com\/fi\/wp-json\/wp\/v2\/product_cat?post=9196"},{"taxonomy":"product_tag","embeddable":true,"href":"https:\/\/www3.blomqvistplantskola.com\/fi\/wp-json\/wp\/v2\/product_tag?post=9196"}],"curies":[{"name":"wp","href":"https:\/\/api.w.org\/{rel}","templated":true}]}}