{"id":9198,"date":"2026-03-13T14:10:17","date_gmt":"2026-03-13T12:10:17","guid":{"rendered":"https:\/\/www3.blomqvistplantskola.com\/?post_type=product&#038;p=9198"},"modified":"2026-04-15T09:59:13","modified_gmt":"2026-04-15T07:59:13","slug":"vitt-mullbar-morus-alba","status":"publish","type":"product","link":"https:\/\/www3.blomqvistplantskola.com\/fi\/product\/vitt-mullbar-morus-alba\/","title":{"rendered":"<b>Valkoinen mulperi <\/b><br>Morus alba"},"content":{"rendered":"<p>Taimi 2 litran ruukussa.<\/p>","protected":false},"excerpt":{"rendered":"<p>Valkoinen mulperi on ehk\u00e4 parhaiten tunnettu yhten\u00e4 maailman vanhimmista kulttuurikasveista, ja jolla on arvoa silkkitoukille. Sill\u00e4 on my\u00f6s marjat, jotka ovat muodoltaan v\u00e4h\u00e4n karhunvadelman kaltaiset, v\u00e4ri vaihtuu valkoisesta, roosaan, punaiseen ja kyps\u00e4n\u00e4 l\u00e4hes mustaan.Maku on makeampi kuin vastaavalla mustalla, ja kest\u00e4vyys on parempi kuin Morus nigralla. Marjat voi sy\u00f6d\u00e4 tuoreena, mehustaa, hillota tai kuivata \"superfoodiksi\".Lehdist\u00e4 voi suodattaa teet\u00e4, t\u00e4m\u00e4 on suosittua Aasiassa. Kasvutapa on pensasmainen, vanhemmiten l\u00e4hes puumainen, latvusto tihe\u00e4. Siet\u00e4\u00e4 voimakasta leikkausta ja sit\u00e4 voidaan kasvattaa s\u00e4leik\u00f6ss\u00e4. Viihty\u00e4kseen vaatii l\u00e4mpim\u00e4n, t\u00e4ysin auringonpaisteessa olevan, tuulelta suojaisan paikan ja hyvin ojitetun maan, jossa syv\u00e4 ruokamultakerros. Sopii valoisalla paikalla hyvin mets\u00e4puutahaan.<\/p>\n<p><strong>Vy\u00f6hyke: <\/strong>FI 1-2?. SE 1-2(3).<br \/>\n<strong>Korkeus: <\/strong>5-10 m<\/p>","protected":false},"featured_media":0,"template":"","meta":[],"product_brand":[],"product_cat":[248],"product_tag":[],"class_list":{"0":"post-9198","1":"product","2":"type-product","3":"status-publish","5":"product_cat-barvaxter","6":"product_shipping_class-postpaket","8":"first","9":"instock","10":"sale","11":"taxable","12":"shipping-taxable","13":"purchasable","14":"product-type-simple"},"_links":{"self":[{"href":"https:\/\/www3.blomqvistplantskola.com\/fi\/wp-json\/wp\/v2\/product\/9198","targetHints":{"allow":["GET"]}}],"collection":[{"href":"https:\/\/www3.blomqvistplantskola.com\/fi\/wp-json\/wp\/v2\/product"}],"about":[{"href":"https:\/\/www3.blomqvistplantskola.com\/fi\/wp-json\/wp\/v2\/types\/product"}],"wp:attachment":[{"href":"https:\/\/www3.blomqvistplantskola.com\/fi\/wp-json\/wp\/v2\/media?parent=9198"}],"wp:term":[{"taxonomy":"product_brand","embeddable":true,"href":"https:\/\/www3.blomqvistplantskola.com\/fi\/wp-json\/wp\/v2\/product_brand?post=9198"},{"taxonomy":"product_cat","embeddable":true,"href":"https:\/\/www3.blomqvistplantskola.com\/fi\/wp-json\/wp\/v2\/product_cat?post=9198"},{"taxonomy":"product_tag","embeddable":true,"href":"https:\/\/www3.blomqvistplantskola.com\/fi\/wp-json\/wp\/v2\/product_tag?post=9198"}],"curies":[{"name":"wp","href":"https:\/\/api.w.org\/{rel}","templated":true}]}}