{"id":9201,"date":"2026-03-13T14:23:55","date_gmt":"2026-03-13T12:23:55","guid":{"rendered":"https:\/\/www3.blomqvistplantskola.com\/?post_type=product&#038;p=9201"},"modified":"2026-04-17T21:35:30","modified_gmt":"2026-04-17T19:35:30","slug":"smallspireaphysocarpus-opifolius-sweet-cherry-tea","status":"publish","type":"product","link":"https:\/\/www3.blomqvistplantskola.com\/fi\/product\/smallspireaphysocarpus-opifolius-sweet-cherry-tea\/","title":{"rendered":"<b>Heisiangervo<\/b><br>Physocarpus opifolius `Sweet Cherry Tea\u00b4"},"content":{"rendered":"<p>Haaroittunut taimi 2 litran ruukussa.<\/p>","protected":false},"excerpt":{"rendered":"<p>Iloisen v\u00e4rinen uutuus koristepensaiden joukossa. Tiiviskasvuinen, matala lajike, joka muodostaa py\u00f6re\u00e4hk\u00f6n pensaan. Lehti on melko pieni, vastapuhjenneina v\u00e4ri on oranssinpunainen, mutta muuttuu kauden mittaan tummanpunaiseksi.  Heikosti vaaleanroosat kukinnot erottuvat kes\u00e4kuussa kauniisti tummaa lehv\u00e4st\u00f6\u00e4 vasten, yksitt\u00e4isi\u00e4 kukkia voi puhjeta my\u00f6s my\u00f6hemmin kauden aikana. Syksyn aikana muodostuu viel\u00e4 koristeelliset siemenkodat. Lehtien v\u00e4ri muuttuu intensiivisemm\u00e4ksi aurinkoisilla paikoilla, mutta kasvi voi kasvaa my\u00f6s puolivarjoisilla paikoilla, jolloin v\u00e4rit eiv\u00e4t kehity yht\u00e4 voimakkaiksi.Voidaan muotoleikata ja k\u00e4ytt\u00e4\u00e4 jopa aidanteissa.<\/p>\n<p><strong>Vy\u00f6hyke: <\/strong>FI 1-4\/5. SE 1-5\/6.<br \/>\n<strong>Korkeus:<\/strong> 1 m<\/p>\n<p>&nbsp;<\/p>\n<p><span style=\"font-family: Arial, serif;\"><span style=\"font-size: medium;\">\u00a0<\/span><\/span><\/p>","protected":false},"featured_media":0,"template":"","meta":[],"product_brand":[],"product_cat":[253],"product_tag":[],"class_list":{"0":"post-9201","1":"product","2":"type-product","3":"status-publish","5":"product_cat-prydnadsbuskar","6":"product_shipping_class-postpaket","8":"first","9":"instock","10":"taxable","11":"shipping-taxable","12":"purchasable","13":"product-type-simple"},"_links":{"self":[{"href":"https:\/\/www3.blomqvistplantskola.com\/fi\/wp-json\/wp\/v2\/product\/9201","targetHints":{"allow":["GET"]}}],"collection":[{"href":"https:\/\/www3.blomqvistplantskola.com\/fi\/wp-json\/wp\/v2\/product"}],"about":[{"href":"https:\/\/www3.blomqvistplantskola.com\/fi\/wp-json\/wp\/v2\/types\/product"}],"wp:attachment":[{"href":"https:\/\/www3.blomqvistplantskola.com\/fi\/wp-json\/wp\/v2\/media?parent=9201"}],"wp:term":[{"taxonomy":"product_brand","embeddable":true,"href":"https:\/\/www3.blomqvistplantskola.com\/fi\/wp-json\/wp\/v2\/product_brand?post=9201"},{"taxonomy":"product_cat","embeddable":true,"href":"https:\/\/www3.blomqvistplantskola.com\/fi\/wp-json\/wp\/v2\/product_cat?post=9201"},{"taxonomy":"product_tag","embeddable":true,"href":"https:\/\/www3.blomqvistplantskola.com\/fi\/wp-json\/wp\/v2\/product_tag?post=9201"}],"curies":[{"name":"wp","href":"https:\/\/api.w.org\/{rel}","templated":true}]}}