{"id":9216,"date":"2026-03-13T14:10:17","date_gmt":"2026-03-13T12:10:17","guid":{"rendered":"https:\/\/www3.blomqvistplantskola.com\/?post_type=product&#038;p=9216"},"modified":"2026-04-10T14:27:21","modified_gmt":"2026-04-10T12:27:21","slug":"saskatoon-amerikansk-haggmispel-amelanchier-alnifolia-smoky","status":"publish","type":"product","link":"https:\/\/www3.blomqvistplantskola.com\/fi\/product\/saskatoon-amerikansk-haggmispel-amelanchier-alnifolia-smoky\/","title":{"rendered":"<b>Saskatoon - Marjatuomipihlaja <\/b><br>Amelanchier alnifolia `Smoky\u00b4"},"content":{"rendered":"<p>Haaroittunut piiskataimi 2 litran ruukussa (vartettu).<\/p>","protected":false},"excerpt":{"rendered":"<p>Ehk\u00e4 tunnetuin saskatoon-lajike, koska se on ollut saatavilla pisimp\u00e4\u00e4n. Kest\u00e4v\u00e4 kanadalainen lajike, jolla makeat, miedot keskisuuret marjat. Runsas valkoinen kukinta ja hieno, kompakti kasvutapa tekev\u00e4t siit\u00e4 kotipuutarhoissa k\u00e4ytt\u00f6kelpoisen. Marjat sopivat mainiosti mm. hyytel\u00f6ihin, soseisiin, mehuihin ja hilloihin. Lajike tuottaa runsaasti juuriversoja. Pensasta kutsutaan my\u00f6s mustikkapuuksi ja se on Kanadan \"viinimarja\".<\/p>\n<p><strong>Vy\u00f6hyke: <\/strong>FI 1-6. SE 1-7.<br \/>\n<strong>Korkeus: <\/strong>2 &#8211; 3 m<\/p>","protected":false},"featured_media":9268,"template":"","meta":[],"product_brand":[],"product_cat":[248],"product_tag":[],"class_list":{"0":"post-9216","1":"product","2":"type-product","3":"status-publish","4":"has-post-thumbnail","6":"product_cat-barvaxter","7":"product_shipping_class-postpaket","9":"first","10":"instock","11":"taxable","12":"shipping-taxable","13":"purchasable","14":"product-type-simple"},"_links":{"self":[{"href":"https:\/\/www3.blomqvistplantskola.com\/fi\/wp-json\/wp\/v2\/product\/9216","targetHints":{"allow":["GET"]}}],"collection":[{"href":"https:\/\/www3.blomqvistplantskola.com\/fi\/wp-json\/wp\/v2\/product"}],"about":[{"href":"https:\/\/www3.blomqvistplantskola.com\/fi\/wp-json\/wp\/v2\/types\/product"}],"wp:featuredmedia":[{"embeddable":true,"href":"https:\/\/www3.blomqvistplantskola.com\/fi\/wp-json\/wp\/v2\/media\/9268"}],"wp:attachment":[{"href":"https:\/\/www3.blomqvistplantskola.com\/fi\/wp-json\/wp\/v2\/media?parent=9216"}],"wp:term":[{"taxonomy":"product_brand","embeddable":true,"href":"https:\/\/www3.blomqvistplantskola.com\/fi\/wp-json\/wp\/v2\/product_brand?post=9216"},{"taxonomy":"product_cat","embeddable":true,"href":"https:\/\/www3.blomqvistplantskola.com\/fi\/wp-json\/wp\/v2\/product_cat?post=9216"},{"taxonomy":"product_tag","embeddable":true,"href":"https:\/\/www3.blomqvistplantskola.com\/fi\/wp-json\/wp\/v2\/product_tag?post=9216"}],"curies":[{"name":"wp","href":"https:\/\/api.w.org\/{rel}","templated":true}]}}