{"id":9217,"date":"2026-03-13T14:13:13","date_gmt":"2026-03-13T12:13:13","guid":{"rendered":"https:\/\/www3.blomqvistplantskola.com\/?post_type=product&#038;p=9217"},"modified":"2026-04-25T11:07:47","modified_gmt":"2026-04-25T09:07:47","slug":"aronia-hack-popularaste-hackvaxtenaronia-prunifolia-25-st","status":"publish","type":"product","link":"https:\/\/www3.blomqvistplantskola.com\/fi\/product\/aronia-hack-popularaste-hackvaxtenaronia-prunifolia-25-st\/","title":{"rendered":"<b>ARONIA aita <br>- suosituin aitakasvi<\/b><br>Aronia prunifolia (25 kpl)"},"content":{"rendered":"<p>K\u00e4ytetyin aitakasvilajikkeemme. Sopii sek\u00e4 yksitt\u00e4iskasviksi, ryhmiin ett\u00e4 aita- \/suojaistutuksiin. Koristeellinen l\u00e4pi koko kauden kiilt\u00e4vine tummanvihreine lehtineen, valkoisine kukkineen ja viel\u00e4 sy\u00f6t\u00e4vine marjoineen (erinomaisia mehuihin, hilloihin ym.). jos aita muotoleikataan vuosittain, muodostuu yleens\u00e4 vain v\u00e4h\u00e4n marjoja. Vapaastikasvava aita \/ pensasmuodostelma kukkii ja tuottaa marjoja runsaasti. Syksyll\u00e4 pensas saa upean oranssinpunaisen syysv\u00e4rin. Helppohoitoinen ja kest\u00e4v\u00e4. 3 kpl \/ m.<\/p>","protected":false},"excerpt":{"rendered":"<p><span style=\"font-family: Arial, serif;\"><span style=\"font-size: medium;\"><strong>Helppohoitoinen, kest\u00e4v\u00e4, sy\u00f6t\u00e4v\u00e4t marjat (jos vapaastikasvava), kaunis syysv\u00e4ritys.<\/strong><br \/>\n25 kpl Aronia prunifolia omajuurisia aitataimia, haaroittunut, 20-30 cm <\/span><\/span><\/p>","protected":false},"featured_media":4839,"template":"","meta":[],"product_brand":[],"product_cat":[256,312,253],"product_tag":[],"class_list":{"0":"post-9217","1":"product","2":"type-product","3":"status-publish","4":"has-post-thumbnail","6":"product_cat-hackplant","7":"product_cat-paketerbjudanden","8":"product_cat-prydnadsbuskar","9":"product_shipping_class-postpaket","11":"first","12":"instock","13":"sale","14":"taxable","15":"shipping-taxable","16":"purchasable","17":"product-type-simple"},"_links":{"self":[{"href":"https:\/\/www3.blomqvistplantskola.com\/fi\/wp-json\/wp\/v2\/product\/9217","targetHints":{"allow":["GET"]}}],"collection":[{"href":"https:\/\/www3.blomqvistplantskola.com\/fi\/wp-json\/wp\/v2\/product"}],"about":[{"href":"https:\/\/www3.blomqvistplantskola.com\/fi\/wp-json\/wp\/v2\/types\/product"}],"wp:featuredmedia":[{"embeddable":true,"href":"https:\/\/www3.blomqvistplantskola.com\/fi\/wp-json\/wp\/v2\/media\/4839"}],"wp:attachment":[{"href":"https:\/\/www3.blomqvistplantskola.com\/fi\/wp-json\/wp\/v2\/media?parent=9217"}],"wp:term":[{"taxonomy":"product_brand","embeddable":true,"href":"https:\/\/www3.blomqvistplantskola.com\/fi\/wp-json\/wp\/v2\/product_brand?post=9217"},{"taxonomy":"product_cat","embeddable":true,"href":"https:\/\/www3.blomqvistplantskola.com\/fi\/wp-json\/wp\/v2\/product_cat?post=9217"},{"taxonomy":"product_tag","embeddable":true,"href":"https:\/\/www3.blomqvistplantskola.com\/fi\/wp-json\/wp\/v2\/product_tag?post=9217"}],"curies":[{"name":"wp","href":"https:\/\/api.w.org\/{rel}","templated":true}]}}