{"id":9218,"date":"2026-03-13T12:13:24","date_gmt":"2026-03-13T10:13:24","guid":{"rendered":"https:\/\/www3.blomqvistplantskola.com\/?post_type=product&#038;p=9218"},"modified":"2026-03-30T22:26:45","modified_gmt":"2026-03-30T20:26:45","slug":"svartaronia-5-st-p9aronia-prunifolia-a-melanocarpa","status":"publish","type":"product","link":"https:\/\/www3.blomqvistplantskola.com\/fi\/product\/svartaronia-5-st-p9aronia-prunifolia-a-melanocarpa\/","title":{"rendered":"<b>Musta-aronia 5 kpl P11<\/b><br>Aronia prunifolia (A. melanocarpa)"},"content":{"rendered":"<p>5 ungplantor i 11 cm kruka. Besk\u00e4rs vid plantering.<\/p>","protected":false},"excerpt":{"rendered":"<p>Ehk\u00e4 k\u00e4ytetyin koristepensas, erityisesti pohjoisempana. Sopii sek\u00e4 yksitt\u00e4iskasviksi, ryhmiin ett\u00e4 aita- \/suojaistutuksiin. Koristeellinen l\u00e4pi koko kauden kiilt\u00e4vine tummanvihreine lehtineen, valkoisine kukkineen ja viel\u00e4 sy\u00f6t\u00e4vine marjoineen (erinomaisia mehuihin, hilloihin ym.) Syksyll\u00e4 saa pensas upean oranssinpunaisen syysv\u00e4rin. Helppohoitoinen ja kest\u00e4v\u00e4, voidaan leikata s\u00e4\u00e4nn\u00f6llisesti.<\/p>\n<p><strong>Vy\u00f6hyke: <\/strong>FI 1-5. SE 1-6.<br \/>\n<strong>Korkeus:<\/strong> 1,5-2,5 m<\/p>","protected":false},"featured_media":4836,"template":"","meta":[],"product_brand":[],"product_cat":[256,312,253],"product_tag":[],"class_list":{"0":"post-9218","1":"product","2":"type-product","3":"status-publish","4":"has-post-thumbnail","6":"product_cat-hackplant","7":"product_cat-paketerbjudanden","8":"product_cat-prydnadsbuskar","9":"product_shipping_class-postpaket","11":"first","12":"instock","13":"sale","14":"taxable","15":"shipping-taxable","16":"purchasable","17":"product-type-simple"},"_links":{"self":[{"href":"https:\/\/www3.blomqvistplantskola.com\/fi\/wp-json\/wp\/v2\/product\/9218","targetHints":{"allow":["GET"]}}],"collection":[{"href":"https:\/\/www3.blomqvistplantskola.com\/fi\/wp-json\/wp\/v2\/product"}],"about":[{"href":"https:\/\/www3.blomqvistplantskola.com\/fi\/wp-json\/wp\/v2\/types\/product"}],"wp:featuredmedia":[{"embeddable":true,"href":"https:\/\/www3.blomqvistplantskola.com\/fi\/wp-json\/wp\/v2\/media\/4836"}],"wp:attachment":[{"href":"https:\/\/www3.blomqvistplantskola.com\/fi\/wp-json\/wp\/v2\/media?parent=9218"}],"wp:term":[{"taxonomy":"product_brand","embeddable":true,"href":"https:\/\/www3.blomqvistplantskola.com\/fi\/wp-json\/wp\/v2\/product_brand?post=9218"},{"taxonomy":"product_cat","embeddable":true,"href":"https:\/\/www3.blomqvistplantskola.com\/fi\/wp-json\/wp\/v2\/product_cat?post=9218"},{"taxonomy":"product_tag","embeddable":true,"href":"https:\/\/www3.blomqvistplantskola.com\/fi\/wp-json\/wp\/v2\/product_tag?post=9218"}],"curies":[{"name":"wp","href":"https:\/\/api.w.org\/{rel}","templated":true}]}}