{"id":9221,"date":"2026-03-13T14:10:17","date_gmt":"2026-03-13T12:10:17","guid":{"rendered":"https:\/\/www3.blomqvistplantskola.com\/?post_type=product&#038;p=9221"},"modified":"2026-04-12T23:42:16","modified_gmt":"2026-04-12T21:42:16","slug":"amerikanskt-tranbar-vaccinium-macrocarpon-early-black","status":"publish","type":"product","link":"https:\/\/www3.blomqvistplantskola.com\/fi\/product\/amerikanskt-tranbar-vaccinium-macrocarpon-early-black\/","title":{"rendered":"<b>Karpalo <\/b><br>Vaccinium macrocarpon `Early Black\u00b4"},"content":{"rendered":"<p>Haaroittunut taimi 2 litran ruukussa.<\/p>","protected":false},"excerpt":{"rendered":"<p>Aikaisin kypsyv\u00e4, runsassatoinen karpalolajike, jonka marjat suuria, halkaisijaltaan jopa 1cm, tummanpunaisia. Lamoava kasvutapa, varret voivat olla yli metrin pituiset. Istutetaan huokoiseen, kosteuttapid\u00e4tt\u00e4v\u00e4\u00e4n maahan, jolla matala pH (mielell\u00e4\u00e4n 3,2-4,5). Kaunis maanpeittokasvi esim. amerikkalaisen mustikan alle. Itsep\u00f6lyttyv\u00e4 ja terve lajike. Karpalo on todella terveellinen ja kuuluu niin sanottuihin supermarjoihin korkean ravintoainepitoisuutensa ja antioksidanttiensa ansiosta.<\/p>\n<p><strong>Vy\u00f6hyke: <\/strong>FI 1-3\/4. SE 1-4\/5.<br \/>\n<strong>Korkeus:<\/strong> 0,1-0,2 m<\/p>","protected":false},"featured_media":0,"template":"","meta":[],"product_brand":[],"product_cat":[248],"product_tag":[],"class_list":{"0":"post-9221","1":"product","2":"type-product","3":"status-publish","5":"product_cat-barvaxter","6":"product_shipping_class-postpaket","8":"first","9":"instock","10":"taxable","11":"shipping-taxable","12":"purchasable","13":"product-type-simple"},"_links":{"self":[{"href":"https:\/\/www3.blomqvistplantskola.com\/fi\/wp-json\/wp\/v2\/product\/9221","targetHints":{"allow":["GET"]}}],"collection":[{"href":"https:\/\/www3.blomqvistplantskola.com\/fi\/wp-json\/wp\/v2\/product"}],"about":[{"href":"https:\/\/www3.blomqvistplantskola.com\/fi\/wp-json\/wp\/v2\/types\/product"}],"wp:attachment":[{"href":"https:\/\/www3.blomqvistplantskola.com\/fi\/wp-json\/wp\/v2\/media?parent=9221"}],"wp:term":[{"taxonomy":"product_brand","embeddable":true,"href":"https:\/\/www3.blomqvistplantskola.com\/fi\/wp-json\/wp\/v2\/product_brand?post=9221"},{"taxonomy":"product_cat","embeddable":true,"href":"https:\/\/www3.blomqvistplantskola.com\/fi\/wp-json\/wp\/v2\/product_cat?post=9221"},{"taxonomy":"product_tag","embeddable":true,"href":"https:\/\/www3.blomqvistplantskola.com\/fi\/wp-json\/wp\/v2\/product_tag?post=9221"}],"curies":[{"name":"wp","href":"https:\/\/api.w.org\/{rel}","templated":true}]}}