{"id":9227,"date":"2026-03-13T14:10:17","date_gmt":"2026-03-13T12:10:17","guid":{"rendered":"https:\/\/www3.blomqvistplantskola.com\/?post_type=product&#038;p=9227"},"modified":"2026-04-19T23:29:29","modified_gmt":"2026-04-19T21:29:29","slug":"jordgubbshallon-rubus-illecebrosus","status":"publish","type":"product","link":"https:\/\/www3.blomqvistplantskola.com\/fi\/product\/jordgubbshallon-rubus-illecebrosus\/","title":{"rendered":"<b>Mansikkavadelma <\/b><br>Rubus illecebrosus"},"content":{"rendered":"<p>Taimi 2 litran ruukussa.<\/p>","protected":false},"excerpt":{"rendered":"<p>Matalakasvuinen, piikik\u00e4s pensas, jolla on vadelmaa muistuttavat lehdet. Suuret, punaiset vadelmankaltaiset marjat, jotka soveltuvat hyvin talousk\u00e4ytt\u00f6\u00f6n ja koristeluun my\u00f6h\u00e4issyksyll\u00e4. Maku on hiukan makea ja vaatimaton. Voidaan mielell\u00e4\u00e4n kasvattaa ruukussa tai lavassa, sill\u00e4 se muodostaa runsaasti juuriversoja, kuten vadelma. Aurinkoinen ja suojaisa paikka on hyv\u00e4 marjan optimaalisen kehittymisen kannalta. Kasvi lakastuu syksyll\u00e4 ja talvehtii maanalaisilla r\u00f6nsyill\u00e4.<\/p>\n<p><strong>Vy\u00f6hyke: <\/strong>FI 1-4. SE 1-5.<br \/>\n<strong>Korkeus: <\/strong>0,5 m<\/p>","protected":false},"featured_media":9266,"template":"","meta":[],"product_brand":[],"product_cat":[248],"product_tag":[],"class_list":{"0":"post-9227","1":"product","2":"type-product","3":"status-publish","4":"has-post-thumbnail","6":"product_cat-barvaxter","7":"product_shipping_class-postpaket","9":"first","10":"outofstock","11":"taxable","12":"shipping-taxable","13":"purchasable","14":"product-type-simple"},"_links":{"self":[{"href":"https:\/\/www3.blomqvistplantskola.com\/fi\/wp-json\/wp\/v2\/product\/9227","targetHints":{"allow":["GET"]}}],"collection":[{"href":"https:\/\/www3.blomqvistplantskola.com\/fi\/wp-json\/wp\/v2\/product"}],"about":[{"href":"https:\/\/www3.blomqvistplantskola.com\/fi\/wp-json\/wp\/v2\/types\/product"}],"wp:featuredmedia":[{"embeddable":true,"href":"https:\/\/www3.blomqvistplantskola.com\/fi\/wp-json\/wp\/v2\/media\/9266"}],"wp:attachment":[{"href":"https:\/\/www3.blomqvistplantskola.com\/fi\/wp-json\/wp\/v2\/media?parent=9227"}],"wp:term":[{"taxonomy":"product_brand","embeddable":true,"href":"https:\/\/www3.blomqvistplantskola.com\/fi\/wp-json\/wp\/v2\/product_brand?post=9227"},{"taxonomy":"product_cat","embeddable":true,"href":"https:\/\/www3.blomqvistplantskola.com\/fi\/wp-json\/wp\/v2\/product_cat?post=9227"},{"taxonomy":"product_tag","embeddable":true,"href":"https:\/\/www3.blomqvistplantskola.com\/fi\/wp-json\/wp\/v2\/product_tag?post=9227"}],"curies":[{"name":"wp","href":"https:\/\/api.w.org\/{rel}","templated":true}]}}