{"id":9243,"date":"2026-03-13T14:24:56","date_gmt":"2026-03-13T12:24:56","guid":{"rendered":"https:\/\/www3.blomqvistplantskola.com\/?post_type=product&#038;p=9243"},"modified":"2026-03-13T14:24:56","modified_gmt":"2026-03-13T12:24:56","slug":"kanadensisk-buskros-rosa-prairie-joy","status":"publish","type":"product","link":"https:\/\/www3.blomqvistplantskola.com\/fi\/product\/kanadensisk-buskros-rosa-prairie-joy\/","title":{"rendered":"<b>Kanadalainen pensasruusu <\/b><br>Rosa `Prairie Joy\u00b4"},"content":{"rendered":"<p>Taimi 2 litran ruukussa.<\/p>","protected":false},"excerpt":{"rendered":"<p>T\u00e4m\u00e4 upea ruusu julkistettiin 1990. Kaunis terve ja rehev\u00e4 lehdist\u00f6 my\u00f6s vaikeina kesin\u00e4. Sopii my\u00f6s aidanteeksi. Korkeus 1-1,5 m, hieman pallomainen, kaunis kasvutapa. Kukat ovat ruusunpunaiset ja halkaisijaltaan 7 cm. Kukkii runsaasti kes\u00e4-hein\u00e4kuussa ja v\u00e4h\u00e4n vaatimattomammin loppukes\u00e4n aikana.. Eritt\u00e4in hyv\u00e4 resistenssi harmaahometta ja mustalaikkutautia vastaan. Eritt\u00e4in talvenkest\u00e4v\u00e4 lajike. Omajuurinen.<\/p>\n<p><strong>Vy\u00f6hyke: <\/strong>FI 1-4\/5. SE 1-5\/6.<br \/>\n<strong>Korkeus: <\/strong>1-1,5 m<\/p>","protected":false},"featured_media":9283,"template":"","meta":[],"product_brand":[],"product_cat":[255],"product_tag":[],"class_list":{"0":"post-9243","1":"product","2":"type-product","3":"status-publish","4":"has-post-thumbnail","6":"product_cat-rosor","7":"product_shipping_class-postpaket","9":"first","10":"instock","11":"taxable","12":"shipping-taxable","13":"purchasable","14":"product-type-simple"},"_links":{"self":[{"href":"https:\/\/www3.blomqvistplantskola.com\/fi\/wp-json\/wp\/v2\/product\/9243","targetHints":{"allow":["GET"]}}],"collection":[{"href":"https:\/\/www3.blomqvistplantskola.com\/fi\/wp-json\/wp\/v2\/product"}],"about":[{"href":"https:\/\/www3.blomqvistplantskola.com\/fi\/wp-json\/wp\/v2\/types\/product"}],"wp:featuredmedia":[{"embeddable":true,"href":"https:\/\/www3.blomqvistplantskola.com\/fi\/wp-json\/wp\/v2\/media\/9283"}],"wp:attachment":[{"href":"https:\/\/www3.blomqvistplantskola.com\/fi\/wp-json\/wp\/v2\/media?parent=9243"}],"wp:term":[{"taxonomy":"product_brand","embeddable":true,"href":"https:\/\/www3.blomqvistplantskola.com\/fi\/wp-json\/wp\/v2\/product_brand?post=9243"},{"taxonomy":"product_cat","embeddable":true,"href":"https:\/\/www3.blomqvistplantskola.com\/fi\/wp-json\/wp\/v2\/product_cat?post=9243"},{"taxonomy":"product_tag","embeddable":true,"href":"https:\/\/www3.blomqvistplantskola.com\/fi\/wp-json\/wp\/v2\/product_tag?post=9243"}],"curies":[{"name":"wp","href":"https:\/\/api.w.org\/{rel}","templated":true}]}}