{"id":9257,"date":"2026-03-13T12:13:24","date_gmt":"2026-03-13T10:13:24","guid":{"rendered":"https:\/\/www3.blomqvistplantskola.com\/?post_type=product&#038;p=9257"},"modified":"2026-04-24T01:38:03","modified_gmt":"2026-04-23T23:38:03","slug":"2-olika-akerbarssorter-efterfragade-delikatesser","status":"publish","type":"product","link":"https:\/\/www3.blomqvistplantskola.com\/fi\/product\/2-olika-akerbarssorter-efterfragade-delikatesser\/","title":{"rendered":"<b> 2 erilaista mesimarjalajiketta, 3 tainta - Kysyttyj\u00e4 herkkuja!<\/b> (Rubus a. 2 `Mespi\u00b4, 1 `Marika\u00b4)"},"content":{"rendered":"<p>Monivuotinen, mutta maanp\u00e4\u00e4lliset osat kuihtuvat talveksi. Mesimarjalla on erityislaatuinen, hieno maku ja aromi. Kukkii roosanv\u00e4risin kukin alkukes\u00e4st\u00e4. On t\u00e4rke\u00e4\u00e4 istuttaa eri lajikkeita yhdess\u00e4 sadon saamiseksi. Kysytty herkkumarja! Voidaan istuttaa vaikkapa aluskasvillisuudeksi alppiruusujen alle, n\u00e4in mesimarja saa samalla oikeanlaisia ravinteita ja viihtyy.<br \/>\nKest\u00e4vi\u00e4 lajikkeita FI zon 1-7. SE zon 1-8.<\/p>","protected":false},"excerpt":{"rendered":"<p><span style=\"font-family: Arial, serif;\"><span style=\"font-size: medium;\"><strong>Verrattoman aromikkaita marjoja, runsas roosa kukinta. Soveltuu happaman maan istutuksiin. <\/strong><br \/>\n<strong>Paketissa 2 eri lajiketta runsaan sadon tuottamiseksi. 1,1 litran ruukut.<\/strong><br \/>\n2 st\u00a0 `Mespi<br \/>\n1 kpl\u00a0 `Marika\u00b4<\/span><\/span><\/p>\n<p><span style=\"font-family: Arial, serif;\"><span style=\"font-size: medium;\">\u00a0<\/span><\/span><\/p>","protected":false},"featured_media":4850,"template":"","meta":[],"product_brand":[],"product_cat":[248,312],"product_tag":[],"class_list":{"0":"post-9257","1":"product","2":"type-product","3":"status-publish","4":"has-post-thumbnail","6":"product_cat-barvaxter","7":"product_cat-paketerbjudanden","8":"product_shipping_class-postpaket","10":"first","11":"instock","12":"sale","13":"taxable","14":"shipping-taxable","15":"purchasable","16":"product-type-simple"},"_links":{"self":[{"href":"https:\/\/www3.blomqvistplantskola.com\/fi\/wp-json\/wp\/v2\/product\/9257","targetHints":{"allow":["GET"]}}],"collection":[{"href":"https:\/\/www3.blomqvistplantskola.com\/fi\/wp-json\/wp\/v2\/product"}],"about":[{"href":"https:\/\/www3.blomqvistplantskola.com\/fi\/wp-json\/wp\/v2\/types\/product"}],"wp:featuredmedia":[{"embeddable":true,"href":"https:\/\/www3.blomqvistplantskola.com\/fi\/wp-json\/wp\/v2\/media\/4850"}],"wp:attachment":[{"href":"https:\/\/www3.blomqvistplantskola.com\/fi\/wp-json\/wp\/v2\/media?parent=9257"}],"wp:term":[{"taxonomy":"product_brand","embeddable":true,"href":"https:\/\/www3.blomqvistplantskola.com\/fi\/wp-json\/wp\/v2\/product_brand?post=9257"},{"taxonomy":"product_cat","embeddable":true,"href":"https:\/\/www3.blomqvistplantskola.com\/fi\/wp-json\/wp\/v2\/product_cat?post=9257"},{"taxonomy":"product_tag","embeddable":true,"href":"https:\/\/www3.blomqvistplantskola.com\/fi\/wp-json\/wp\/v2\/product_tag?post=9257"}],"curies":[{"name":"wp","href":"https:\/\/api.w.org\/{rel}","templated":true}]}}