{"id":9261,"date":"2026-03-13T14:08:34","date_gmt":"2026-03-13T12:08:34","guid":{"rendered":"https:\/\/www3.blomqvistplantskola.com\/?post_type=product&#038;p=9261"},"modified":"2026-04-23T11:36:31","modified_gmt":"2026-04-23T09:36:31","slug":"korsbarskornell-cornus-mas","status":"publish","type":"product","link":"https:\/\/www3.blomqvistplantskola.com\/fi\/product\/korsbarskornell-cornus-mas\/","title":{"rendered":"<b> Punamarjakanukka <\/b><br>Cornus mas"},"content":{"rendered":"<p>Haaroittunut taimi 2-3 litran ruukussa, 60+ cm.<\/p>","protected":false},"excerpt":{"rendered":"<p>Punamarjakanukka on eritt\u00e4in vanha kasvi, jota jo roomalaiset kasvattivat. Kasvaa pieneksi puuksi tai suureksi pensaaksi. Lehdet puhkeavat my\u00f6h\u00e4\u00e4n kev\u00e4\u00e4ll\u00e4, sen j\u00e4lkeen kun vaikuttava m\u00e4\u00e4r\u00e4 keltaisia, pieni\u00e4 kukkia on ensin kukkikinut kukkimisensa. T\u00e4rke\u00e4 kasvi hy\u00f6nteisille aikaisin kev\u00e4\u00e4ll\u00e4. Syyskaudella muodostaa punaisia makeanhappamia marjoja, jotka palvelevat herkullisesti s\u00e4il\u00f6ttyn\u00e4 ja hilloissa. Makeus lis\u00e4\u00e4ntyy j\u00e4lkikypsymisen my\u00f6t\u00e4. Siemenist\u00e4 saa terveellist\u00e4 \u00f6ljy\u00e4. Istutetaan mielell\u00e4\u00e4n tuulensuojaiseen, aurinkoiseen paikkaan, jossa y\u00f6pakkasetkaan eiv\u00e4t pilaa kukintaa, mik\u00e4li asutaan ylemmill\u00e4 vy\u00f6hykkeill\u00e4. Viihtyy useimmissa hyvin ojitetuissa, ravinnerikkaissa maapohjissa, mielell\u00e4\u00e4n korkeampi pH. Toimii p\u00f6lytt\u00e4j\u00e4n\u00e4 punamarjakanukan nimilajikkeille. Kaunis pensasmuodostelmissa tai yksitt\u00e4iskasvina. Kaunis punaruskea syysv\u00e4ri.<\/p>\n<p><strong>Vy\u00f6hyke: <\/strong>FI 1-2(3).\u00a0 SE 1-4.<br \/>\n<strong>Korkeus: <\/strong>4-6 m<\/p>","protected":false},"featured_media":9292,"template":"","meta":[],"product_brand":[],"product_cat":[248,253],"product_tag":[],"class_list":{"0":"post-9261","1":"product","2":"type-product","3":"status-publish","4":"has-post-thumbnail","6":"product_cat-barvaxter","7":"product_cat-prydnadsbuskar","8":"product_shipping_class-postpaket","10":"first","11":"outofstock","12":"taxable","13":"shipping-taxable","14":"purchasable","15":"product-type-simple"},"_links":{"self":[{"href":"https:\/\/www3.blomqvistplantskola.com\/fi\/wp-json\/wp\/v2\/product\/9261","targetHints":{"allow":["GET"]}}],"collection":[{"href":"https:\/\/www3.blomqvistplantskola.com\/fi\/wp-json\/wp\/v2\/product"}],"about":[{"href":"https:\/\/www3.blomqvistplantskola.com\/fi\/wp-json\/wp\/v2\/types\/product"}],"wp:featuredmedia":[{"embeddable":true,"href":"https:\/\/www3.blomqvistplantskola.com\/fi\/wp-json\/wp\/v2\/media\/9292"}],"wp:attachment":[{"href":"https:\/\/www3.blomqvistplantskola.com\/fi\/wp-json\/wp\/v2\/media?parent=9261"}],"wp:term":[{"taxonomy":"product_brand","embeddable":true,"href":"https:\/\/www3.blomqvistplantskola.com\/fi\/wp-json\/wp\/v2\/product_brand?post=9261"},{"taxonomy":"product_cat","embeddable":true,"href":"https:\/\/www3.blomqvistplantskola.com\/fi\/wp-json\/wp\/v2\/product_cat?post=9261"},{"taxonomy":"product_tag","embeddable":true,"href":"https:\/\/www3.blomqvistplantskola.com\/fi\/wp-json\/wp\/v2\/product_tag?post=9261"}],"curies":[{"name":"wp","href":"https:\/\/api.w.org\/{rel}","templated":true}]}}