{"id":9316,"date":"2026-03-13T14:23:54","date_gmt":"2026-03-13T12:23:54","guid":{"rendered":"https:\/\/www3.blomqvistplantskola.com\/?post_type=product&#038;p=9316"},"modified":"2026-03-13T14:23:54","modified_gmt":"2026-03-13T12:23:54","slug":"gronlandsfingerortpotentilla-tridentata-nuuk","status":"publish","type":"product","link":"https:\/\/www3.blomqvistplantskola.com\/fi\/product\/gronlandsfingerortpotentilla-tridentata-nuuk\/","title":{"rendered":"<b>Gr\u00f6nlanninhanhikki<\/b><br>Potentilla tridentata `Nuuk\u00b4"},"content":{"rendered":"<p>Taimi 9 cm:n ruukussa<\/p>","protected":false},"excerpt":{"rendered":"<p>Eritt\u00e4in pidetty maanpeittokasvi Gr\u00f6nlannista! Suloiset, pienet t\u00e4hdenmalliset kukat muodostavat kukkapilven lehtien p\u00e4\u00e4lle kes\u00e4kuun puolessa v\u00e4liss\u00e4. Kukkii parhaiten aurinkoisella\/ puolivarjoisella paikalla. Ainavihannat kiilt\u00e4v\u00e4t lehdet mattomaisesti kasvavassa pensaassa. Osa lehdist\u00e4 kuihtuu syksyll\u00e4, osa talvehtii lumipeitteen alla. Huonot oksat leikataan pois kev\u00e4\u00e4ll\u00e4. Viihtyy, kun maa ei ole liian tiivist\u00e4, mutta s\u00e4ilytt\u00e4\u00e4 silti tasaisen kosteuden, asetuttuaan on varsin suvaitsevainen. Levi\u00e4\u00e4 pintar\u00f6nsyill\u00e4. Kutsutaan my\u00f6s Trebladsfinger\u00f6rt, Sibbaldiopsis tridentata \u2018Nuuk\u2019.<\/p>\n<p><strong>Vy\u00f6hyke: <\/strong>FI 1-5(6). SE 1-7.<br \/>\n<strong>Korkeus:<\/strong> 0,1-0,2 m<\/p>\n<p>&nbsp;<\/p>\n<p><span style=\"font-family: Arial, serif;\"><span style=\"font-size: medium;\">\u00a0<\/span><\/span><\/p>","protected":false},"featured_media":0,"template":"","meta":[],"product_brand":[],"product_cat":[253],"product_tag":[],"class_list":{"0":"post-9316","1":"product","2":"type-product","3":"status-publish","5":"product_cat-prydnadsbuskar","6":"product_shipping_class-postpaket","8":"first","9":"instock","10":"taxable","11":"shipping-taxable","12":"purchasable","13":"product-type-simple"},"_links":{"self":[{"href":"https:\/\/www3.blomqvistplantskola.com\/fi\/wp-json\/wp\/v2\/product\/9316","targetHints":{"allow":["GET"]}}],"collection":[{"href":"https:\/\/www3.blomqvistplantskola.com\/fi\/wp-json\/wp\/v2\/product"}],"about":[{"href":"https:\/\/www3.blomqvistplantskola.com\/fi\/wp-json\/wp\/v2\/types\/product"}],"wp:attachment":[{"href":"https:\/\/www3.blomqvistplantskola.com\/fi\/wp-json\/wp\/v2\/media?parent=9316"}],"wp:term":[{"taxonomy":"product_brand","embeddable":true,"href":"https:\/\/www3.blomqvistplantskola.com\/fi\/wp-json\/wp\/v2\/product_brand?post=9316"},{"taxonomy":"product_cat","embeddable":true,"href":"https:\/\/www3.blomqvistplantskola.com\/fi\/wp-json\/wp\/v2\/product_cat?post=9316"},{"taxonomy":"product_tag","embeddable":true,"href":"https:\/\/www3.blomqvistplantskola.com\/fi\/wp-json\/wp\/v2\/product_tag?post=9316"}],"curies":[{"name":"wp","href":"https:\/\/api.w.org\/{rel}","templated":true}]}}