{"id":9320,"date":"2025-03-13T13:12:19","date_gmt":"2025-03-13T11:12:19","guid":{"rendered":"https:\/\/www3.blomqvistplantskola.com\/?post_type=product&#038;p=9320"},"modified":"2026-03-19T13:14:22","modified_gmt":"2026-03-19T11:14:22","slug":"sarbalsam-gjord-av-bjorktjara","status":"publish","type":"product","link":"https:\/\/www3.blomqvistplantskola.com\/fi\/product\/sarbalsam-gjord-av-bjorktjara\/","title":{"rendered":"<b>Koivuterva, Oksasuoja<\/b>"},"content":{"rendered":"<p>0,5 litran muovipullo.<\/p>","protected":false},"excerpt":{"rendered":"<p style=\"text-align: left;\" align=\"center\"><strong>Koivutervasta tehty haavavoide.<\/strong><br \/>\nLuonnon oma ymp\u00e4rist\u00f6yst\u00e4v\u00e4llinen haavavoide kasveille.<br \/>\nValmistettu Suomessa suomalaisesta koivusta.<br \/>\nSill\u00e4 on jopa suojaava vaikutus j\u00e4niksi\u00e4 ja pienjyrsij\u00f6it\u00e4 vastaan<br \/>\nkoivutervan voimakkaasta hajusta johtuen.<br \/>\nK\u00e4yt\u00e4 hanskoja ty\u00f6l\u00e4iden tahrojen ja hajun v\u00e4ltt\u00e4miseksi.<\/p>","protected":false},"featured_media":9319,"template":"","meta":[],"product_brand":[],"product_cat":[258,252],"product_tag":[],"class_list":{"0":"post-9320","1":"product","2":"type-product","3":"status-publish","4":"has-post-thumbnail","6":"product_cat-tillbehor","7":"product_cat-ymptillbehor","8":"product_shipping_class-postpaket","10":"first","11":"outofstock","12":"taxable","13":"shipping-taxable","14":"purchasable","15":"product-type-simple"},"_links":{"self":[{"href":"https:\/\/www3.blomqvistplantskola.com\/fi\/wp-json\/wp\/v2\/product\/9320","targetHints":{"allow":["GET"]}}],"collection":[{"href":"https:\/\/www3.blomqvistplantskola.com\/fi\/wp-json\/wp\/v2\/product"}],"about":[{"href":"https:\/\/www3.blomqvistplantskola.com\/fi\/wp-json\/wp\/v2\/types\/product"}],"wp:featuredmedia":[{"embeddable":true,"href":"https:\/\/www3.blomqvistplantskola.com\/fi\/wp-json\/wp\/v2\/media\/9319"}],"wp:attachment":[{"href":"https:\/\/www3.blomqvistplantskola.com\/fi\/wp-json\/wp\/v2\/media?parent=9320"}],"wp:term":[{"taxonomy":"product_brand","embeddable":true,"href":"https:\/\/www3.blomqvistplantskola.com\/fi\/wp-json\/wp\/v2\/product_brand?post=9320"},{"taxonomy":"product_cat","embeddable":true,"href":"https:\/\/www3.blomqvistplantskola.com\/fi\/wp-json\/wp\/v2\/product_cat?post=9320"},{"taxonomy":"product_tag","embeddable":true,"href":"https:\/\/www3.blomqvistplantskola.com\/fi\/wp-json\/wp\/v2\/product_tag?post=9320"}],"curies":[{"name":"wp","href":"https:\/\/api.w.org\/{rel}","templated":true}]}}