{"id":9330,"date":"2026-03-13T14:24:55","date_gmt":"2026-03-13T12:24:55","guid":{"rendered":"https:\/\/www3.blomqvistplantskola.com\/?post_type=product&#038;p=9330"},"modified":"2026-04-20T15:43:08","modified_gmt":"2026-04-20T13:43:08","slug":"rabattros-floribundaros-rosa-floribunda-royal-estelle","status":"publish","type":"product","link":"https:\/\/www3.blomqvistplantskola.com\/fi\/product\/rabattros-floribundaros-rosa-floribunda-royal-estelle\/","title":{"rendered":"<b>Ryhm\u00e4ruusu (floribundaruusu) <\/b><br>Rosa floribunda `Royal Estelle\u00b4"},"content":{"rendered":"<p>Haaroittunut, paljasjuurinen paakkutaimi.<\/p>","protected":false},"excerpt":{"rendered":"<p>Moninkertaisesti palkittu ryhm\u00e4ruusu, joka on nimetty prinsessa Estellen mukaan. Ruusu on mm. voittanut maineikkaan ruusukilpailun Baden-Badenissa, Saksassa. Suuret, hennon aprikoosinv\u00e4riset puolit\u00e4ydet kukat n\u00e4ytt\u00e4v\u00e4t kukkivan l\u00e4pi kes\u00e4n. Ker\u00e4\u00e4 mielell\u00e4\u00e4n ihanasti tuoksuvia kukkia sis\u00e4lle, niin kasvi kukkii ahkerasti. Terve, kiilt\u00e4v\u00e4 lehv\u00e4st\u00f6.<br \/>\nMehil\u00e4isten rakastama. Pystykasvuinen. Viihtyy multavassa, ravinnerikkaassa, savipitoisessa, mutta l\u00e4p\u00e4isev\u00e4ss\u00e4 maassa.<\/p>\n<p><strong>Vy\u00f6hyke: <\/strong>FI 1-2\/3. SE 1-3.<br \/>\n<strong>Korkeus: <\/strong>0,7-0,9 m<\/p>","protected":false},"featured_media":0,"template":"","meta":[],"product_brand":[],"product_cat":[255],"product_tag":[],"class_list":{"0":"post-9330","1":"product","2":"type-product","3":"status-publish","5":"product_cat-rosor","6":"product_shipping_class-postpaket","8":"first","9":"outofstock","10":"taxable","11":"shipping-taxable","12":"purchasable","13":"product-type-simple"},"_links":{"self":[{"href":"https:\/\/www3.blomqvistplantskola.com\/fi\/wp-json\/wp\/v2\/product\/9330","targetHints":{"allow":["GET"]}}],"collection":[{"href":"https:\/\/www3.blomqvistplantskola.com\/fi\/wp-json\/wp\/v2\/product"}],"about":[{"href":"https:\/\/www3.blomqvistplantskola.com\/fi\/wp-json\/wp\/v2\/types\/product"}],"wp:attachment":[{"href":"https:\/\/www3.blomqvistplantskola.com\/fi\/wp-json\/wp\/v2\/media?parent=9330"}],"wp:term":[{"taxonomy":"product_brand","embeddable":true,"href":"https:\/\/www3.blomqvistplantskola.com\/fi\/wp-json\/wp\/v2\/product_brand?post=9330"},{"taxonomy":"product_cat","embeddable":true,"href":"https:\/\/www3.blomqvistplantskola.com\/fi\/wp-json\/wp\/v2\/product_cat?post=9330"},{"taxonomy":"product_tag","embeddable":true,"href":"https:\/\/www3.blomqvistplantskola.com\/fi\/wp-json\/wp\/v2\/product_tag?post=9330"}],"curies":[{"name":"wp","href":"https:\/\/api.w.org\/{rel}","templated":true}]}}