{"id":9362,"date":"2025-03-17T16:03:05","date_gmt":"2025-03-17T14:03:05","guid":{"rendered":"https:\/\/www3.blomqvistplantskola.com\/?post_type=product&#038;p=9362"},"modified":"2026-04-24T11:14:12","modified_gmt":"2026-04-24T09:14:12","slug":"herbert-hallonmask","status":"publish","type":"product","link":"https:\/\/www3.blomqvistplantskola.com\/fi\/product\/herbert-hallonmask\/","title":{"rendered":"<b>Herbert hallonmask<\/b>"},"content":{"rendered":"<p>978-952-67340-5-7<\/p>","protected":false},"excerpt":{"rendered":"<p><b><span class=\"NORMAL\">Leif Blomqvists och Ulrika Thalins nya bok <span class=\"EXTRA\">* Herbert hallonmask *\u00a0 utkom <\/span>Mars 2025.<br \/>\n<\/span><\/b><span class=\"NORMAL\">P\u00e5 ett l\u00e4ttfattligt och humoristiskt s\u00e4tt \u00f6ppnar Herbert hallonmask barnens \u00f6gon och sinnen f\u00f6r tr\u00e4dg\u00e5rdens magiska v\u00e4rld.<\/span><span class=\"NORMAL\"><br \/>\nL\u00e4mplig f\u00f6r barn i de yngre \u00e5ldrarna, f\u00f6r h\u00f6gl\u00e4sning eller en bok att l\u00e4sa fr\u00e5n sj\u00e4lvst\u00e4ndigt.<\/span><span class=\"NORMAL\"><br \/>\n<\/span><\/p>\n<p>&nbsp;<\/p>","protected":false},"featured_media":9363,"template":"","meta":[],"product_brand":[],"product_cat":[257],"product_tag":[],"class_list":{"0":"post-9362","1":"product","2":"type-product","3":"status-publish","4":"has-post-thumbnail","6":"product_cat-bocker","7":"product_shipping_class-postpaket","9":"first","10":"instock","11":"taxable","12":"shipping-taxable","13":"purchasable","14":"product-type-simple"},"_links":{"self":[{"href":"https:\/\/www3.blomqvistplantskola.com\/fi\/wp-json\/wp\/v2\/product\/9362","targetHints":{"allow":["GET"]}}],"collection":[{"href":"https:\/\/www3.blomqvistplantskola.com\/fi\/wp-json\/wp\/v2\/product"}],"about":[{"href":"https:\/\/www3.blomqvistplantskola.com\/fi\/wp-json\/wp\/v2\/types\/product"}],"wp:featuredmedia":[{"embeddable":true,"href":"https:\/\/www3.blomqvistplantskola.com\/fi\/wp-json\/wp\/v2\/media\/9363"}],"wp:attachment":[{"href":"https:\/\/www3.blomqvistplantskola.com\/fi\/wp-json\/wp\/v2\/media?parent=9362"}],"wp:term":[{"taxonomy":"product_brand","embeddable":true,"href":"https:\/\/www3.blomqvistplantskola.com\/fi\/wp-json\/wp\/v2\/product_brand?post=9362"},{"taxonomy":"product_cat","embeddable":true,"href":"https:\/\/www3.blomqvistplantskola.com\/fi\/wp-json\/wp\/v2\/product_cat?post=9362"},{"taxonomy":"product_tag","embeddable":true,"href":"https:\/\/www3.blomqvistplantskola.com\/fi\/wp-json\/wp\/v2\/product_tag?post=9362"}],"curies":[{"name":"wp","href":"https:\/\/api.w.org\/{rel}","templated":true}]}}