{"id":9830,"date":"2026-03-13T14:08:34","date_gmt":"2026-03-13T12:08:34","guid":{"rendered":"https:\/\/www3.blomqvistplantskola.com\/?post_type=product&#038;p=9830"},"modified":"2026-04-25T11:07:46","modified_gmt":"2026-04-25T09:07:46","slug":"krusbar-ribes-uva-crispa-lepa-rod-2","status":"publish","type":"product","link":"https:\/\/www3.blomqvistplantskola.com\/fi\/product\/krusbar-ribes-uva-crispa-lepa-rod-2\/","title":{"rendered":"<b>Karviainen <\/b><br>Ribes uva-crispa `Lepaan punainen\u00b4"},"content":{"rendered":"<p>Planta i 2 liters kruka<\/p>","protected":false},"excerpt":{"rendered":"<p>Suomalainen runsassatoinen, suurimarjainen lajike 1900-luvun alusta, jonka kasvutapa on tihe\u00e4 ja ulosp\u00e4in levi\u00e4v\u00e4. Marjat ovat suuria, punaisia, ohutkuorisia ja makeita. Marjat kypsyv\u00e4t noin viikko Hinnonm\u00e4en keltaisen j\u00e4lkeen. Karviaista kutsutaan jopa 'Pohjolan viiniryp\u00e4leeksi'. Yksi asiakkaidemme ehdottomista suosikeista.<\/p>\n<p><strong>Vy\u00f6hyke: <\/strong>FI 1-5. SE 1-6.<br \/>\n<strong>Korkeus: <\/strong>1-1,5 m<\/p>","protected":false},"featured_media":7194,"template":"","meta":[],"product_brand":[],"product_cat":[248],"product_tag":[],"class_list":{"0":"post-9830","1":"product","2":"type-product","3":"status-publish","4":"has-post-thumbnail","6":"product_cat-barvaxter","7":"product_shipping_class-postpaket","9":"first","10":"outofstock","11":"taxable","12":"shipping-taxable","13":"purchasable","14":"product-type-simple"},"_links":{"self":[{"href":"https:\/\/www3.blomqvistplantskola.com\/fi\/wp-json\/wp\/v2\/product\/9830","targetHints":{"allow":["GET"]}}],"collection":[{"href":"https:\/\/www3.blomqvistplantskola.com\/fi\/wp-json\/wp\/v2\/product"}],"about":[{"href":"https:\/\/www3.blomqvistplantskola.com\/fi\/wp-json\/wp\/v2\/types\/product"}],"wp:featuredmedia":[{"embeddable":true,"href":"https:\/\/www3.blomqvistplantskola.com\/fi\/wp-json\/wp\/v2\/media\/7194"}],"wp:attachment":[{"href":"https:\/\/www3.blomqvistplantskola.com\/fi\/wp-json\/wp\/v2\/media?parent=9830"}],"wp:term":[{"taxonomy":"product_brand","embeddable":true,"href":"https:\/\/www3.blomqvistplantskola.com\/fi\/wp-json\/wp\/v2\/product_brand?post=9830"},{"taxonomy":"product_cat","embeddable":true,"href":"https:\/\/www3.blomqvistplantskola.com\/fi\/wp-json\/wp\/v2\/product_cat?post=9830"},{"taxonomy":"product_tag","embeddable":true,"href":"https:\/\/www3.blomqvistplantskola.com\/fi\/wp-json\/wp\/v2\/product_tag?post=9830"}],"curies":[{"name":"wp","href":"https:\/\/api.w.org\/{rel}","templated":true}]}}